{"id":2693,"date":"2024-08-18T12:40:57","date_gmt":"2024-08-18T17:40:57","guid":{"rendered":"https:\/\/isanagustin.edu.pe\/portal1\/?page_id=2693"},"modified":"2025-09-10T10:35:21","modified_gmt":"2025-09-10T15:35:21","slug":"plana-jerarquica","status":"publish","type":"page","link":"https:\/\/isanagustin.edu.pe\/portal1\/plana-jerarquica\/","title":{"rendered":"Plana Jer\u00e1rquica"},"content":{"rendered":"\n<div class=\"wp-block-uagb-container uagb-block-5782b5af alignfull uagb-is-root-container\"><div class=\"uagb-container-inner-blocks-wrap\">\n<div class=\"wp-block-uagb-info-box uagb-block-dfb84cd0 uagb-infobox__content-wrap  uagb-infobox-icon-above-title uagb-infobox-image-valign-top\"><div class=\"uagb-ifb-content\"><div class=\"uagb-ifb-title-wrap\"><h1 class=\"uagb-ifb-title\">Plana Jer\u00e1rquica<\/h1><\/div><p class=\"uagb-ifb-desc\">\u201cNuestro equipo directivo, compuesto por profesionales calificados y experimentados, lidera con visi\u00f3n y dedicaci\u00f3n para garantizar una educaci\u00f3n de calidad y un entorno educativo innovador.\u201d<\/p><\/div><\/div>\n<\/div><\/div>\n\n\n\n<div class=\"wp-block-uagb-container uagb-layout-grid uagb-block-73744090 alignfull uagb-is-root-container\"><div class=\"uagb-container-inner-blocks-wrap\">\n<div class=\"wp-block-uagb-container uagb-layout-grid uagb-block-90c68840\">\n<div class=\"wp-block-uagb-info-box uagb-block-519b68c2 uagb-infobox__content-wrap  uagb-infobox-icon-above-title uagb-infobox-image-valign-top\"><div class=\"uagb-ifb-content\"><div class=\"uagb-ifb-image-content\"><img decoding=\"async\" src=\"https:\/\/isanagustin.edu.pe\/portal1\/wp-content\/uploads\/2024\/08\/luis-150x150.png\" alt=\"\" width=\"\" height=\"0\" loading=\"lazy\"\/><\/div><div class=\"uagb-ifb-title-wrap\"><span class=\"uagb-ifb-title-prefix\">Luis Antonio Abad Arriaga<\/span><h4 class=\"uagb-ifb-title\">Ingeniero Agr\u00f3nomo<\/h4><\/div><div class=\"uagb-ifb-separator\"><\/div><p class=\"uagb-ifb-desc\">Director<\/p><\/div><\/div>\n<\/div>\n\n\n\n<div class=\"wp-block-uagb-container uagb-layout-grid uagb-block-602fe715\">\n<div class=\"wp-block-uagb-info-box uagb-block-e54d48ae uagb-infobox__content-wrap  uagb-infobox-icon-above-title uagb-infobox-image-valign-top\"><div class=\"uagb-ifb-content\"><div class=\"uagb-ifb-image-content\"><img decoding=\"async\" src=\"https:\/\/isanagustin.edu.pe\/portal1\/wp-content\/uploads\/2024\/08\/manuel-150x150.png\" alt=\"\" width=\"\" height=\"0\" loading=\"lazy\"\/><\/div><div class=\"uagb-ifb-title-wrap\"><span class=\"uagb-ifb-title-prefix\">Manuel Gustavo Custodio L\u00f3pez<\/span><h4 class=\"uagb-ifb-title\">Arquitecto<\/h4><\/div><div class=\"uagb-ifb-separator\"><\/div><p class=\"uagb-ifb-desc\">Coordinador de Bienestar<\/p><\/div><\/div>\n<\/div>\n\n\n\n<div class=\"wp-block-uagb-container uagb-layout-grid uagb-block-07a190cc\">\n<div class=\"wp-block-uagb-info-box uagb-block-f337d26e uagb-infobox__content-wrap  uagb-infobox-icon-above-title uagb-infobox-image-valign-top\"><div class=\"uagb-ifb-content\"><div class=\"uagb-ifb-image-content\"><img decoding=\"async\" src=\"https:\/\/isanagustin.edu.pe\/portal1\/wp-content\/uploads\/2024\/08\/gabriel-150x150.png\" alt=\"\" width=\"\" height=\"0\" loading=\"lazy\"\/><\/div><div class=\"uagb-ifb-title-wrap\"><span class=\"uagb-ifb-title-prefix\">Gabriel Lopez Risco<\/span><h4 class=\"uagb-ifb-title\">Ingeniero de sistemas<\/h4><\/div><div class=\"uagb-ifb-separator\"><\/div><p class=\"uagb-ifb-desc\">Sub-Director<\/p><\/div><\/div>\n<\/div>\n\n\n\n<div class=\"wp-block-uagb-container uagb-layout-grid uagb-block-1deaa5ab\">\n<div class=\"wp-block-uagb-info-box uagb-block-346a2231 uagb-infobox__content-wrap  uagb-infobox-icon-above-title uagb-infobox-image-valign-top\"><div class=\"uagb-ifb-content\"><div class=\"uagb-ifb-image-content\"><img decoding=\"async\" src=\"https:\/\/isanagustin.edu.pe\/portal1\/wp-content\/uploads\/2025\/06\/WhatsApp-Image-2025-06-13-at-12.58.28-PM-150x150.jpeg\" alt=\"\" width=\"53\" height=\"53\" loading=\"lazy\"\/><\/div><div class=\"uagb-ifb-title-wrap\"><span class=\"uagb-ifb-title-prefix\">Carlos Alberto Romero Arbaiza<\/span><h4 class=\"uagb-ifb-title\">Contador p\u00fablico<\/h4><\/div><div class=\"uagb-ifb-separator\"><\/div><p class=\"uagb-ifb-desc\">Secretario Acad\u00e9mico<\/p><\/div><\/div>\n<\/div>\n\n\n\n<div class=\"wp-block-uagb-container uagb-layout-grid uagb-block-ac468ba0\">\n<div class=\"wp-block-uagb-info-box uagb-block-049c1e10 uagb-infobox__content-wrap  uagb-infobox-icon-above-title uagb-infobox-image-valign-top\"><div class=\"uagb-ifb-content\"><div class=\"uagb-ifb-image-content\"><img decoding=\"async\" src=\"https:\/\/isanagustin.edu.pe\/portal1\/wp-content\/uploads\/2024\/08\/dany-150x150.png\" alt=\"\" width=\"\" height=\"0\" loading=\"lazy\"\/><\/div><div class=\"uagb-ifb-title-wrap\"><span class=\"uagb-ifb-title-prefix\">Dany A. Balarezo Ramirez<\/span><h4 class=\"uagb-ifb-title\">Contador p\u00fablico<\/h4><\/div><div class=\"uagb-ifb-separator\"><\/div><p class=\"uagb-ifb-desc\">Coordinadora del P.E: Asistencia Administrativa<\/p><\/div><\/div>\n<\/div>\n\n\n\n<div class=\"wp-block-uagb-container uagb-layout-grid uagb-block-db0a4aa9\">\n<div class=\"wp-block-uagb-info-box uagb-block-8600f780 uagb-infobox__content-wrap  uagb-infobox-icon-above-title uagb-infobox-image-valign-top\"><div class=\"uagb-ifb-content\"><div class=\"uagb-ifb-image-content\"><img decoding=\"async\" src=\"https:\/\/isanagustin.edu.pe\/portal1\/wp-content\/uploads\/2025\/06\/nelvin-150x150.jpeg\" alt=\"\" width=\"\" height=\"0\" loading=\"lazy\"\/><\/div><div class=\"uagb-ifb-title-wrap\"><span class=\"uagb-ifb-title-prefix\">Nelvin LLanos Huaman<\/span><h4 class=\"uagb-ifb-title\">Qu\u00edmico Farmac\u00e9utico<\/h4><\/div><div class=\"uagb-ifb-separator\"><\/div><p class=\"uagb-ifb-desc\">Coordinador del P.E: Enfermer\u00eda T\u00e9cnica<\/p><\/div><\/div>\n<\/div>\n\n\n\n<div class=\"wp-block-uagb-container uagb-layout-grid uagb-block-ae2f991f\">\n<div class=\"wp-block-uagb-info-box uagb-block-5b1f3185 uagb-infobox__content-wrap  uagb-infobox-icon-above-title uagb-infobox-image-valign-top\"><div class=\"uagb-ifb-content\"><div class=\"uagb-ifb-image-content\"><img decoding=\"async\" src=\"https:\/\/isanagustin.edu.pe\/portal1\/wp-content\/uploads\/2024\/08\/walter-150x150.png\" alt=\"\" width=\"\" height=\"0\" loading=\"lazy\"\/><\/div><div class=\"uagb-ifb-title-wrap\"><span class=\"uagb-ifb-title-prefix\">Walter Cubas Salda\u00f1a<\/span><h4 class=\"uagb-ifb-title\">Ingeniero de Sistemas<\/h4><\/div><div class=\"uagb-ifb-separator\"><\/div><p class=\"uagb-ifb-desc\">Coordinador del P.E: Arquitectura de Plataformas y Servicios TI<\/p><\/div><\/div>\n<\/div>\n\n\n\n<div class=\"wp-block-uagb-container uagb-layout-grid uagb-block-cdb3c1ae\">\n<div class=\"wp-block-uagb-info-box uagb-block-98cfa8b9 uagb-infobox__content-wrap  uagb-infobox-icon-above-title uagb-infobox-image-valign-top\"><div class=\"uagb-ifb-content\"><div class=\"uagb-ifb-image-content\"><img decoding=\"async\" src=\"https:\/\/isanagustin.edu.pe\/portal1\/wp-content\/uploads\/2024\/08\/haroldo-150x150.png\" alt=\"\" width=\"\" height=\"0\" loading=\"lazy\"\/><\/div><div class=\"uagb-ifb-title-wrap\"><span class=\"uagb-ifb-title-prefix\">Dimas H. Santos Peltroche<\/span><h4 class=\"uagb-ifb-title\">Ingeniero Agr\u00f3nomo<\/h4><\/div><div class=\"uagb-ifb-separator\"><\/div><p class=\"uagb-ifb-desc\">Coordinador del P.E: Producci\u00f3n Agropecuaria<\/p><\/div><\/div>\n<\/div>\n\n\n\n<div class=\"wp-block-uagb-container uagb-layout-grid uagb-block-387be025\">\n<div class=\"wp-block-uagb-info-box uagb-block-23a7d31e uagb-infobox__content-wrap  uagb-infobox-icon-above-title uagb-infobox-image-valign-top\"><div class=\"uagb-ifb-content\"><div class=\"uagb-ifb-image-content\"><img decoding=\"async\" src=\"https:\/\/isanagustin.edu.pe\/portal1\/wp-content\/uploads\/2024\/08\/luisa-150x150.png\" alt=\"\" width=\"\" height=\"0\" loading=\"lazy\"\/><\/div><div class=\"uagb-ifb-title-wrap\"><span class=\"uagb-ifb-title-prefix\">Luisa Ar\u00e9valo<\/span><h4 class=\"uagb-ifb-title\">Contador P\u00fablico<\/h4><\/div><div class=\"uagb-ifb-separator\"><\/div><p class=\"uagb-ifb-desc\">Jefe de Investigaci\u00f3n<\/p><\/div><\/div>\n<\/div>\n\n\n\n<div class=\"wp-block-uagb-container uagb-layout-grid uagb-block-847c8d0e\">\n<div class=\"wp-block-uagb-info-box uagb-block-766544b3 uagb-infobox__content-wrap  uagb-infobox-icon-above-title uagb-infobox-image-valign-top\"><div class=\"uagb-ifb-content\"><div class=\"uagb-ifb-image-content\"><img decoding=\"async\" src=\"https:\/\/isanagustin.edu.pe\/portal1\/wp-content\/uploads\/2024\/08\/david-150x150.png\" alt=\"\" width=\"\" height=\"0\" loading=\"lazy\"\/><\/div><div class=\"uagb-ifb-title-wrap\"><span class=\"uagb-ifb-title-prefix\">David Castillo Panta<\/span><h4 class=\"uagb-ifb-title\">Ingeniero Agr\u00f3nomo<\/h4><\/div><div class=\"uagb-ifb-separator\"><\/div><p class=\"uagb-ifb-desc\">Jefe de Calidad<\/p><\/div><\/div>\n<\/div>\n\n\n\n<div class=\"wp-block-uagb-container uagb-layout-grid uagb-block-b5e3bc54\">\n<div class=\"wp-block-uagb-info-box uagb-block-243397c6 uagb-infobox__content-wrap  uagb-infobox-icon-above-title uagb-infobox-image-valign-top\"><div class=\"uagb-ifb-content\"><div class=\"uagb-ifb-image-content\"><img decoding=\"async\" src=\"https:\/\/isanagustin.edu.pe\/portal1\/wp-content\/uploads\/2024\/08\/esther-150x150.png\" alt=\"\" width=\"\" height=\"0\" loading=\"lazy\"\/><\/div><div class=\"uagb-ifb-title-wrap\"><span class=\"uagb-ifb-title-prefix\">Mar\u00eda E. Ocupa Ortiz<\/span><h4 class=\"uagb-ifb-title\">Licenciada en Enfermer\u00eda<\/h4><\/div><div class=\"uagb-ifb-separator\"><\/div><p class=\"uagb-ifb-desc\">Jefe de Formaci\u00f3n Continua<\/p><\/div><\/div>\n<\/div>\n\n\n\n<div class=\"wp-block-uagb-container uagb-layout-grid uagb-block-d18b326b\">\n<div class=\"wp-block-uagb-info-box uagb-block-16973cc1 uagb-infobox__content-wrap  uagb-infobox-icon-above-title uagb-infobox-image-valign-top\"><div class=\"uagb-ifb-content\"><div class=\"uagb-ifb-image-content\"><img decoding=\"async\" src=\"https:\/\/isanagustin.edu.pe\/portal1\/wp-content\/uploads\/2024\/08\/jarle.jpg\" alt=\"\" width=\"48\" height=\"52\" loading=\"lazy\"\/><\/div><div class=\"uagb-ifb-title-wrap\"><span class=\"uagb-ifb-title-prefix\">Jarlen Anders Idrogo Mu\u00f1oz<\/span><h4 class=\"uagb-ifb-title\">Ing. Civil<\/h4><\/div><div class=\"uagb-ifb-separator\"><\/div><p class=\"uagb-ifb-desc\">Administrador<\/p><\/div><\/div>\n<\/div>\n<\/div><\/div>\n","protected":false},"excerpt":{"rendered":"","protected":false},"author":1,"featured_media":0,"parent":0,"menu_order":0,"comment_status":"closed","ping_status":"closed","template":"","meta":{"_uag_custom_page_level_css":"","site-sidebar-layout":"default","site-content-layout":"","ast-site-content-layout":"default","site-content-style":"default","site-sidebar-style":"default","ast-global-header-display":"","ast-banner-title-visibility":"","ast-main-header-display":"","ast-hfb-above-header-display":"","ast-hfb-below-header-display":"","ast-hfb-mobile-header-display":"","site-post-title":"disabled","ast-breadcrumbs-content":"","ast-featured-img":"","footer-sml-layout":"","theme-transparent-header-meta":"","adv-header-id-meta":"","stick-header-meta":"","header-above-stick-meta":"","header-main-stick-meta":"","header-below-stick-meta":"","astra-migrate-meta-layouts":"set","ast-page-background-enabled":"default","ast-page-background-meta":{"desktop":{"background-color":"","background-image":"","background-repeat":"repeat","background-position":"center center","background-size":"auto","background-attachment":"scroll","background-type":"","background-media":"","overlay-type":"","overlay-color":"","overlay-opacity":"","overlay-gradient":""},"tablet":{"background-color":"","background-image":"","background-repeat":"repeat","background-position":"center center","background-size":"auto","background-attachment":"scroll","background-type":"","background-media":"","overlay-type":"","overlay-color":"","overlay-opacity":"","overlay-gradient":""},"mobile":{"background-color":"","background-image":"","background-repeat":"repeat","background-position":"center center","background-size":"auto","background-attachment":"scroll","background-type":"","background-media":"","overlay-type":"","overlay-color":"","overlay-opacity":"","overlay-gradient":""}},"ast-content-background-meta":{"desktop":{"background-color":"var(--ast-global-color-5)","background-image":"","background-repeat":"repeat","background-position":"center center","background-size":"auto","background-attachment":"scroll","background-type":"","background-media":"","overlay-type":"","overlay-color":"","overlay-opacity":"","overlay-gradient":""},"tablet":{"background-color":"var(--ast-global-color-5)","background-image":"","background-repeat":"repeat","background-position":"center center","background-size":"auto","background-attachment":"scroll","background-type":"","background-media":"","overlay-type":"","overlay-color":"","overlay-opacity":"","overlay-gradient":""},"mobile":{"background-color":"var(--ast-global-color-5)","background-image":"","background-repeat":"repeat","background-position":"center center","background-size":"auto","background-attachment":"scroll","background-type":"","background-media":"","overlay-type":"","overlay-color":"","overlay-opacity":"","overlay-gradient":""}},"footnotes":""},"class_list":["post-2693","page","type-page","status-publish","hentry"],"uagb_featured_image_src":{"full":false,"thumbnail":false,"medium":false,"medium_large":false,"large":false,"1536x1536":false,"2048x2048":false},"uagb_author_info":{"display_name":"junior","author_link":"https:\/\/isanagustin.edu.pe\/portal1\/author\/junior\/"},"uagb_comment_info":0,"uagb_excerpt":null,"_links":{"self":[{"href":"https:\/\/isanagustin.edu.pe\/portal1\/wp-json\/wp\/v2\/pages\/2693","targetHints":{"allow":["GET"]}}],"collection":[{"href":"https:\/\/isanagustin.edu.pe\/portal1\/wp-json\/wp\/v2\/pages"}],"about":[{"href":"https:\/\/isanagustin.edu.pe\/portal1\/wp-json\/wp\/v2\/types\/page"}],"author":[{"embeddable":true,"href":"https:\/\/isanagustin.edu.pe\/portal1\/wp-json\/wp\/v2\/users\/1"}],"replies":[{"embeddable":true,"href":"https:\/\/isanagustin.edu.pe\/portal1\/wp-json\/wp\/v2\/comments?post=2693"}],"version-history":[{"count":52,"href":"https:\/\/isanagustin.edu.pe\/portal1\/wp-json\/wp\/v2\/pages\/2693\/revisions"}],"predecessor-version":[{"id":3508,"href":"https:\/\/isanagustin.edu.pe\/portal1\/wp-json\/wp\/v2\/pages\/2693\/revisions\/3508"}],"wp:attachment":[{"href":"https:\/\/isanagustin.edu.pe\/portal1\/wp-json\/wp\/v2\/media?parent=2693"}],"curies":[{"name":"wp","href":"https:\/\/api.w.org\/{rel}","templated":true}]}}