{"id":2830,"date":"2024-08-19T07:39:39","date_gmt":"2024-08-19T12:39:39","guid":{"rendered":"https:\/\/isanagustin.edu.pe\/portal1\/?page_id=2830"},"modified":"2025-06-13T11:15:39","modified_gmt":"2025-06-13T16:15:39","slug":"becas","status":"publish","type":"page","link":"https:\/\/isanagustin.edu.pe\/portal1\/becas\/","title":{"rendered":"Becas"},"content":{"rendered":"\n<div class=\"wp-block-uagb-container uagb-block-2ad2882b alignfull uagb-is-root-container\"><div class=\"uagb-container-inner-blocks-wrap\">\n<div class=\"wp-block-uagb-info-box uagb-block-70b60bb4 uagb-infobox__content-wrap  uagb-infobox-icon-above-title uagb-infobox-image-valign-top\"><div class=\"uagb-ifb-content\"><div class=\"uagb-ifb-title-wrap\"><h1 class=\"uagb-ifb-title\">Becas<\/h1><\/div><p class=\"uagb-ifb-desc\">\u201cOfrecemos becas por excelencia acad\u00e9mica y m\u00e9rito. Consulta los tipos de becas disponibles y la lista de beneficiarios.\u201d<\/p><\/div><\/div>\n<\/div><\/div>\n\n\n\n<div class=\"wp-block-uagb-container uagb-block-92a9bdc6 alignfull uagb-is-root-container\"><div class=\"uagb-container-inner-blocks-wrap\">\n<div class=\"wp-block-uagb-tabs uagb-block-00016a15 uagb-tabs__wrap uagb-tabs__hstyle1-desktop uagb-tabs__vstyle6-tablet uagb-tabs__stack1-mobile\" data-tab-active=\"0\"><ul class=\"uagb-tabs__panel uagb-tabs__align-left\" role=\"tablist\"><li class=\"uagb-tab uagb-tabs__active\" role=\"none\"><a href=\"#uagb-tabs__tab0\" class=\"uagb-tabs-list uagb-tabs__icon-position-left\" data-tab=\"0\" role=\"tab\"><div><strong>Tipo de Becas<\/strong><\/div><\/a><\/li><li class=\"uagb-tab \" role=\"none\"><a href=\"#uagb-tabs__tab1\" class=\"uagb-tabs-list uagb-tabs__icon-position-left\" data-tab=\"1\" role=\"tab\"><div><strong>Beneficiarios<\/strong><\/div><\/a><\/li><\/ul><div class=\"uagb-tabs__body-wrap\">\n<div class=\"wp-block-uagb-tabs-child uagb-tabs__body-container uagb-inner-tab-0\" aria-labelledby=\"uagb-tabs__tab0\">\n<p>El&nbsp;<strong>IESTP SAN AGUSTIN<\/strong>&nbsp;se enorgullece de anunciar su programa de becas para reconocer y premiar la excelencia acad\u00e9mica. Estamos comprometidos con el desarrollo y el \u00e9xito de nuestros estudiantes, y por ello ofrecemos beneficios exclusivos para aquellos que demuestren un rendimiento sobresaliente.<\/p>\n\n\n\n<div class=\"wp-block-uagb-advanced-heading uagb-block-06b4f728\"><h5 class=\"uagb-heading-text\"><strong>Beneficios de las Becas:<\/strong><\/h5><\/div>\n\n\n\n<ul style=\"padding-top:1%;padding-right:1%;padding-bottom:0%;padding-left:1%\" class=\"wp-block-list\">\n<li><strong>Primer Puesto<\/strong>: Los estudiantes que obtengan el&nbsp;<strong>primer lugar<\/strong>&nbsp;en su rendimiento acad\u00e9mico cada semestre ser\u00e1n recompensados con una&nbsp;<strong>exenci\u00f3n total de la matr\u00edcula<\/strong>. \u00a1S\u00ed, eso significa que tu matr\u00edcula es&nbsp;<strong>100% gratuita<\/strong>!.<\/li>\n\n\n\n<li><strong>Segundo Puesto<\/strong>: Aquellos que alcancen el&nbsp;<strong>segundo lugar<\/strong>&nbsp;recibir\u00e1n un&nbsp;<strong>descuento del 50%<\/strong>&nbsp;en el costo de su matr\u00edcula.<\/li>\n<\/ul>\n\n\n\n<p>Estas becas son una muestra de nuestro apoyo a la dedicaci\u00f3n y el esfuerzo que nuestros estudiantes ponen en su educaci\u00f3n. \u00a1Es tu oportunidad de brillar y ser recompensado por tu arduo trabajo!<\/p>\n\n\n\n<div class=\"wp-block-uagb-advanced-heading uagb-block-b2485023\"><h5 class=\"uagb-heading-text\"><strong>\u00bfC\u00f3mo Participar?<\/strong><\/h5><\/div>\n\n\n\n<ul style=\"padding-top:1%;padding-right:1%;padding-bottom:1%;padding-left:1%\" class=\"wp-block-list\">\n<li>Mant\u00e9n un rendimiento acad\u00e9mico excepcional.<\/li>\n\n\n\n<li>Esfu\u00e9rzate por estar entre los dos mejores estudiantes de tu semestre.<\/li>\n\n\n\n<li>\u00a1Disfruta los beneficios de ser un estudiante destacado en el IESTP SAN AGUSTIN!<\/li>\n<\/ul>\n\n\n\n<ul class=\"wp-block-list\"><\/ul>\n<\/div>\n\n\n\n<div class=\"wp-block-uagb-tabs-child uagb-tabs__body-container uagb-inner-tab-1\" aria-labelledby=\"uagb-tabs__tab1\">\n<p>Lista de beneficiarios de las becas.<\/p>\n\n\n\n<div class=\"wp-block-uagb-buttons uagb-buttons__outer-wrap uagb-btn__default-btn uagb-btn-tablet__default-btn uagb-btn-mobile__default-btn uagb-block-04932fad\"><div class=\"uagb-buttons__wrap uagb-buttons-layout-wrap \">\n<div class=\"wp-block-uagb-buttons-child uagb-buttons__outer-wrap uagb-block-59cb47fe wp-block-button\"><div class=\"uagb-button__wrapper\"><a class=\"uagb-buttons-repeater wp-block-button__link\" aria-label=\"\" href=\"https:\/\/isanagustin.edu.pe\/portal1\/wp-content\/uploads\/2025\/06\/LISTA-DE-BECADOS-2025-I.pdf\" rel=\"follow noopener\" target=\"_blank\" role=\"button\"><div class=\"uagb-button__link\">lista de becas<\/div><\/a><\/div><\/div>\n<\/div><\/div>\n<\/div>\n<\/div><\/div>\n<\/div><\/div>\n\n\n\n<p><\/p>\n","protected":false},"excerpt":{"rendered":"","protected":false},"author":1,"featured_media":0,"parent":0,"menu_order":0,"comment_status":"closed","ping_status":"closed","template":"","meta":{"_uag_custom_page_level_css":"","site-sidebar-layout":"default","site-content-layout":"","ast-site-content-layout":"default","site-content-style":"default","site-sidebar-style":"default","ast-global-header-display":"","ast-banner-title-visibility":"","ast-main-header-display":"","ast-hfb-above-header-display":"","ast-hfb-below-header-display":"","ast-hfb-mobile-header-display":"","site-post-title":"disabled","ast-breadcrumbs-content":"","ast-featured-img":"","footer-sml-layout":"","theme-transparent-header-meta":"","adv-header-id-meta":"","stick-header-meta":"","header-above-stick-meta":"","header-main-stick-meta":"","header-below-stick-meta":"","astra-migrate-meta-layouts":"set","ast-page-background-enabled":"default","ast-page-background-meta":{"desktop":{"background-color":"","background-image":"","background-repeat":"repeat","background-position":"center center","background-size":"auto","background-attachment":"scroll","background-type":"","background-media":"","overlay-type":"","overlay-color":"","overlay-opacity":"","overlay-gradient":""},"tablet":{"background-color":"","background-image":"","background-repeat":"repeat","background-position":"center center","background-size":"auto","background-attachment":"scroll","background-type":"","background-media":"","overlay-type":"","overlay-color":"","overlay-opacity":"","overlay-gradient":""},"mobile":{"background-color":"","background-image":"","background-repeat":"repeat","background-position":"center center","background-size":"auto","background-attachment":"scroll","background-type":"","background-media":"","overlay-type":"","overlay-color":"","overlay-opacity":"","overlay-gradient":""}},"ast-content-background-meta":{"desktop":{"background-color":"var(--ast-global-color-5)","background-image":"","background-repeat":"repeat","background-position":"center center","background-size":"auto","background-attachment":"scroll","background-type":"","background-media":"","overlay-type":"","overlay-color":"","overlay-opacity":"","overlay-gradient":""},"tablet":{"background-color":"var(--ast-global-color-5)","background-image":"","background-repeat":"repeat","background-position":"center center","background-size":"auto","background-attachment":"scroll","background-type":"","background-media":"","overlay-type":"","overlay-color":"","overlay-opacity":"","overlay-gradient":""},"mobile":{"background-color":"var(--ast-global-color-5)","background-image":"","background-repeat":"repeat","background-position":"center center","background-size":"auto","background-attachment":"scroll","background-type":"","background-media":"","overlay-type":"","overlay-color":"","overlay-opacity":"","overlay-gradient":""}},"footnotes":"[]"},"class_list":["post-2830","page","type-page","status-publish","hentry"],"uagb_featured_image_src":{"full":false,"thumbnail":false,"medium":false,"medium_large":false,"large":false,"1536x1536":false,"2048x2048":false},"uagb_author_info":{"display_name":"junior","author_link":"https:\/\/isanagustin.edu.pe\/portal1\/author\/junior\/"},"uagb_comment_info":0,"uagb_excerpt":null,"_links":{"self":[{"href":"https:\/\/isanagustin.edu.pe\/portal1\/wp-json\/wp\/v2\/pages\/2830","targetHints":{"allow":["GET"]}}],"collection":[{"href":"https:\/\/isanagustin.edu.pe\/portal1\/wp-json\/wp\/v2\/pages"}],"about":[{"href":"https:\/\/isanagustin.edu.pe\/portal1\/wp-json\/wp\/v2\/types\/page"}],"author":[{"embeddable":true,"href":"https:\/\/isanagustin.edu.pe\/portal1\/wp-json\/wp\/v2\/users\/1"}],"replies":[{"embeddable":true,"href":"https:\/\/isanagustin.edu.pe\/portal1\/wp-json\/wp\/v2\/comments?post=2830"}],"version-history":[{"count":14,"href":"https:\/\/isanagustin.edu.pe\/portal1\/wp-json\/wp\/v2\/pages\/2830\/revisions"}],"predecessor-version":[{"id":3457,"href":"https:\/\/isanagustin.edu.pe\/portal1\/wp-json\/wp\/v2\/pages\/2830\/revisions\/3457"}],"wp:attachment":[{"href":"https:\/\/isanagustin.edu.pe\/portal1\/wp-json\/wp\/v2\/media?parent=2830"}],"curies":[{"name":"wp","href":"https:\/\/api.w.org\/{rel}","templated":true}]}}