{"id":2844,"date":"2024-08-19T08:03:27","date_gmt":"2024-08-19T13:03:27","guid":{"rendered":"https:\/\/isanagustin.edu.pe\/portal1\/?page_id=2844"},"modified":"2025-06-10T11:08:27","modified_gmt":"2025-06-10T16:08:27","slug":"relacion-de-alumnos-exonerados-al-examen-de-admision","status":"publish","type":"page","link":"https:\/\/isanagustin.edu.pe\/portal1\/relacion-de-alumnos-exonerados-al-examen-de-admision\/","title":{"rendered":"Relaci\u00f3n de alumnos exonerados al Examen de Admisi\u00f3n"},"content":{"rendered":"\n<div class=\"wp-block-uagb-container uagb-block-5c7fbf8e alignfull uagb-is-root-container\"><div class=\"uagb-container-inner-blocks-wrap\">\n<div class=\"wp-block-uagb-info-box uagb-block-42e76f39 uagb-infobox__content-wrap  uagb-infobox-icon-above-title uagb-infobox-image-valign-top\"><div class=\"uagb-ifb-content\"><div class=\"uagb-ifb-title-wrap\"><h1 class=\"uagb-ifb-title\">Alumnos Exonerados<\/h1><\/div><p class=\"uagb-ifb-desc\">\u201cConsulta la lista de alumnos exonerados al Examen de Admisi\u00f3n, beneficiarios destacados por su excelencia acad\u00e9mica y m\u00e9ritos excepcionales.\u201d<\/p><\/div><\/div>\n<\/div><\/div>\n\n\n\n<div class=\"wp-block-uagb-container uagb-block-6ad5272a alignfull uagb-is-root-container\"><div class=\"uagb-container-inner-blocks-wrap\">\n<p style=\"font-size:16px;line-height:1.9\">\u00a1Hola a todos los postulantes al Instituto de Educaci\u00f3n Superior Tecnol\u00f3gico P\u00fablico San Agust\u00edn!<br>Nos complace anunciarles que la comisi\u00f3n de admisi\u00f3n 2025 ha publicado la relaci\u00f3n de alumnos exonerados al Examen de Admisi\u00f3n para las 4 Programas de Estudios que ofrecemos: Arquitectura de plataformas y servicios TI, Asistencia Administrativa, Producci\u00f3n Agropecuaria y Enfermer\u00eda T\u00e9cnica. \u00a1Felicidades a los afortunados que obtuvieron su exoneraci\u00f3n!<br>Para aquellos postulantes que no cubrieron vacantes por exoneraci\u00f3n, seg\u00fan lo estipulado en el Reglamento de Admisi\u00f3n, les recordamos que a\u00fan tienen la oportunidad de presentarse al Examen Ordinario que se llevar\u00e1 a cabo el domingo 07 de abril a las 8:30 am. \u00a1No pierdan la oportunidad de unirse a nuestra comunidad educativa!<br>Para aquellos que necesiten m\u00e1s informaci\u00f3n, por favor comun\u00edquense con nosotros. Estaremos encantados de ayudarles en todo lo que necesiten.<br>\u00a1Gracias por considerar al Instituto de Educaci\u00f3n Superior Tecnol\u00f3gico P\u00fablico San Agust\u00edn para su educaci\u00f3n superior!<br>La Comisi\u00f3n de Admisi\u00f3n 2025.<\/p>\n\n\n\n<div class=\"wp-block-uagb-buttons uagb-buttons__outer-wrap uagb-btn__default-btn uagb-btn-tablet__default-btn uagb-btn-mobile__default-btn uagb-block-739aac7f\"><div class=\"uagb-buttons__wrap uagb-buttons-layout-wrap \">\n<div class=\"wp-block-uagb-buttons-child uagb-buttons__outer-wrap uagb-block-7e3b28e1 wp-block-button\"><div class=\"uagb-button__wrapper\"><a class=\"uagb-buttons-repeater wp-block-button__link\" aria-label=\"\" href=\"https:\/\/isanagustin.edu.pe\/portal1\/wp-content\/uploads\/2024\/08\/Exonerados-2024-06-Apr-2024-12-38-28.pdf\" rel=\"follow noopener\" target=\"_blank\" role=\"button\"><div class=\"uagb-button__link\">DESCARGAR LISTA DE EXONERADO<\/div><span class=\"uagb-button__icon uagb-button__icon-position-after\"><svg xmlns=\"https:\/\/www.w3.org\/2000\/svg\" viewBox=\"0 0 448 512\" aria-hidden=\"true\" focussable=\"false\"><path d=\"M438.6 278.6l-160 160C272.4 444.9 264.2 448 256 448s-16.38-3.125-22.62-9.375c-12.5-12.5-12.5-32.75 0-45.25L338.8 288H32C14.33 288 .0016 273.7 .0016 256S14.33 224 32 224h306.8l-105.4-105.4c-12.5-12.5-12.5-32.75 0-45.25s32.75-12.5 45.25 0l160 160C451.1 245.9 451.1 266.1 438.6 278.6z\"><\/path><\/svg><\/span><\/a><\/div><\/div>\n<\/div><\/div>\n<\/div><\/div>\n","protected":false},"excerpt":{"rendered":"<p>\u00a1Hola a todos los postulantes al Instituto de Educaci\u00f3n Superior Tecnol\u00f3gico P\u00fablico San Agust\u00edn!Nos complace anunciarles que la comisi\u00f3n de admisi\u00f3n 2025 ha publicado la relaci\u00f3n de alumnos exonerados al Examen de Admisi\u00f3n para las 4 Programas de Estudios que ofrecemos: Arquitectura de plataformas y servicios TI, Asistencia Administrativa, Producci\u00f3n Agropecuaria y Enfermer\u00eda T\u00e9cnica. \u00a1Felicidades [&hellip;]<\/p>\n","protected":false},"author":1,"featured_media":0,"parent":0,"menu_order":0,"comment_status":"closed","ping_status":"closed","template":"","meta":{"_uag_custom_page_level_css":"","site-sidebar-layout":"default","site-content-layout":"","ast-site-content-layout":"default","site-content-style":"default","site-sidebar-style":"default","ast-global-header-display":"","ast-banner-title-visibility":"","ast-main-header-display":"","ast-hfb-above-header-display":"","ast-hfb-below-header-display":"","ast-hfb-mobile-header-display":"","site-post-title":"disabled","ast-breadcrumbs-content":"","ast-featured-img":"","footer-sml-layout":"","theme-transparent-header-meta":"","adv-header-id-meta":"","stick-header-meta":"","header-above-stick-meta":"","header-main-stick-meta":"","header-below-stick-meta":"","astra-migrate-meta-layouts":"set","ast-page-background-enabled":"default","ast-page-background-meta":{"desktop":{"background-color":"","background-image":"","background-repeat":"repeat","background-position":"center center","background-size":"auto","background-attachment":"scroll","background-type":"","background-media":"","overlay-type":"","overlay-color":"","overlay-opacity":"","overlay-gradient":""},"tablet":{"background-color":"","background-image":"","background-repeat":"repeat","background-position":"center center","background-size":"auto","background-attachment":"scroll","background-type":"","background-media":"","overlay-type":"","overlay-color":"","overlay-opacity":"","overlay-gradient":""},"mobile":{"background-color":"","background-image":"","background-repeat":"repeat","background-position":"center center","background-size":"auto","background-attachment":"scroll","background-type":"","background-media":"","overlay-type":"","overlay-color":"","overlay-opacity":"","overlay-gradient":""}},"ast-content-background-meta":{"desktop":{"background-color":"var(--ast-global-color-5)","background-image":"","background-repeat":"repeat","background-position":"center center","background-size":"auto","background-attachment":"scroll","background-type":"","background-media":"","overlay-type":"","overlay-color":"","overlay-opacity":"","overlay-gradient":""},"tablet":{"background-color":"var(--ast-global-color-5)","background-image":"","background-repeat":"repeat","background-position":"center center","background-size":"auto","background-attachment":"scroll","background-type":"","background-media":"","overlay-type":"","overlay-color":"","overlay-opacity":"","overlay-gradient":""},"mobile":{"background-color":"var(--ast-global-color-5)","background-image":"","background-repeat":"repeat","background-position":"center center","background-size":"auto","background-attachment":"scroll","background-type":"","background-media":"","overlay-type":"","overlay-color":"","overlay-opacity":"","overlay-gradient":""}},"footnotes":""},"class_list":["post-2844","page","type-page","status-publish","hentry"],"uagb_featured_image_src":{"full":false,"thumbnail":false,"medium":false,"medium_large":false,"large":false,"1536x1536":false,"2048x2048":false},"uagb_author_info":{"display_name":"junior","author_link":"https:\/\/isanagustin.edu.pe\/portal1\/author\/junior\/"},"uagb_comment_info":0,"uagb_excerpt":"\u00a1Hola a todos los postulantes al Instituto de Educaci\u00f3n Superior Tecnol\u00f3gico P\u00fablico San Agust\u00edn!Nos complace anunciarles que la comisi\u00f3n de admisi\u00f3n 2025 ha publicado la relaci\u00f3n de alumnos exonerados al Examen de Admisi\u00f3n para las 4 Programas de Estudios que ofrecemos: Arquitectura de plataformas y servicios TI, Asistencia Administrativa, Producci\u00f3n Agropecuaria y Enfermer\u00eda T\u00e9cnica. \u00a1Felicidades&hellip;","_links":{"self":[{"href":"https:\/\/isanagustin.edu.pe\/portal1\/wp-json\/wp\/v2\/pages\/2844","targetHints":{"allow":["GET"]}}],"collection":[{"href":"https:\/\/isanagustin.edu.pe\/portal1\/wp-json\/wp\/v2\/pages"}],"about":[{"href":"https:\/\/isanagustin.edu.pe\/portal1\/wp-json\/wp\/v2\/types\/page"}],"author":[{"embeddable":true,"href":"https:\/\/isanagustin.edu.pe\/portal1\/wp-json\/wp\/v2\/users\/1"}],"replies":[{"embeddable":true,"href":"https:\/\/isanagustin.edu.pe\/portal1\/wp-json\/wp\/v2\/comments?post=2844"}],"version-history":[{"count":9,"href":"https:\/\/isanagustin.edu.pe\/portal1\/wp-json\/wp\/v2\/pages\/2844\/revisions"}],"predecessor-version":[{"id":3423,"href":"https:\/\/isanagustin.edu.pe\/portal1\/wp-json\/wp\/v2\/pages\/2844\/revisions\/3423"}],"wp:attachment":[{"href":"https:\/\/isanagustin.edu.pe\/portal1\/wp-json\/wp\/v2\/media?parent=2844"}],"curies":[{"name":"wp","href":"https:\/\/api.w.org\/{rel}","templated":true}]}}