{"id":2854,"date":"2024-08-19T08:17:57","date_gmt":"2024-08-19T13:17:57","guid":{"rendered":"https:\/\/isanagustin.edu.pe\/portal1\/?page_id=2854"},"modified":"2025-03-30T13:42:31","modified_gmt":"2025-03-30T18:42:31","slug":"resultado-del-examen-de-admision","status":"publish","type":"page","link":"https:\/\/isanagustin.edu.pe\/portal1\/resultado-del-examen-de-admision\/","title":{"rendered":"Resultado del Examen de Admisi\u00f3n 2025"},"content":{"rendered":"\n<div class=\"wp-block-uagb-container uagb-block-169db9dc alignfull uagb-is-root-container\"><div class=\"uagb-container-inner-blocks-wrap\">\n<div class=\"wp-block-uagb-info-box uagb-block-7a0e7b3b uagb-infobox__content-wrap  uagb-infobox-icon-above-title uagb-infobox-image-valign-top\"><div class=\"uagb-ifb-content\"><div class=\"uagb-ifb-title-wrap\"><h1 class=\"uagb-ifb-title\">Resultados<\/h1><\/div><p class=\"uagb-ifb-desc\">\u201cConsulta la lista de ingresantes al IESTP San Agust\u00edn, destacados por su rendimiento acad\u00e9mico en el examen de admisi\u00f3n. Felicitamos a todos los nuevos estudiantes.\u201d<\/p><\/div><\/div>\n<\/div><\/div>\n\n\n\n<div class=\"wp-block-uagb-container uagb-block-87813d18 alignfull uagb-is-root-container\"><div class=\"uagb-container-inner-blocks-wrap\">\n<p>Bienvenidos al portal oficial del&nbsp;<strong>Proceso de Admisi\u00f3n 2025<\/strong>. En esta secci\u00f3n compartiremos toda la informaci\u00f3n relevante para los postulantes, incluyendo listas de exonerados, fechas clave y resultados finales. Mant\u00e9ngase atentos a las actualizaciones.<\/p>\n\n\n\n<p><strong>Lista de Exonerados del Examen de Admisi\u00f3n<\/strong><\/p>\n\n\n\n<p>Los estudiantes que cumplen con los criterios de exoneraci\u00f3n podr\u00e1n consultar si est\u00e1n exentos de rendir el examen de admisi\u00f3n en el siguiente enlace:<br><strong><a href=\"https:\/\/isanagustin.edu.pe\/portal1\/wp-content\/uploads\/2025\/03\/WhatsApp-Image-2025-03-29-at-9.34.01-AM-1.jpeg\" target=\"_blank\" rel=\"noreferrer noopener\">Consulta aqu\u00ed si est\u00e1s exonerado<\/a><\/strong><\/p>\n\n\n\n<p><em>Fecha de publicaci\u00f3n de exonerados:<\/em>&nbsp;<strong>29 de marzo de 202<\/strong>5<br><em>Nota:<\/em>&nbsp;Si tu nombre aparece en la lista,&nbsp;<strong>no es necesario que te presentes el examen<\/strong>. En caso de discrepancias, contactar al \u00e1rea de admisiones.<\/p>\n\n\n\n<p><strong>Resultados Finales del Examen de Admisi\u00f3n 2025<\/strong><\/p>\n\n\n\n<p><strong>Estimados postulantes,<\/strong> Nos complace anunciar que los resultados finales del Examen de Admisi\u00f3n 2025 ya se encuentran disponibles. Los invitamos a consultarlos para verificar su ingreso a los programas de estudios ofrecidos por nuestra instituci\u00f3n.<\/p>\n\n\n\n<div class=\"wp-block-uagb-container uagb-block-72f7a50e\">\n<p><strong>Asistencia Administrativa<\/strong><\/p>\n\n\n\n<div class=\"wp-block-uagb-buttons uagb-buttons__outer-wrap uagb-btn__default-btn uagb-btn-tablet__default-btn uagb-btn-mobile__default-btn uagb-block-084c351e\"><div class=\"uagb-buttons__wrap uagb-buttons-layout-wrap \">\n<div class=\"wp-block-uagb-buttons-child uagb-buttons__outer-wrap uagb-block-f9c2d9c2 wp-block-button\"><div class=\"uagb-button__wrapper\"><a class=\"uagb-buttons-repeater wp-block-button__link\" aria-label=\"\" href=\"https:\/\/isanagustin.edu.pe\/portal1\/wp-content\/uploads\/2025\/03\/ASISTENCIA-ADMINISTRATIVA.pdf\" rel=\"follow noopener\" target=\"_blank\" role=\"button\"><div class=\"uagb-button__link\">ver resultados<\/div><\/a><\/div><\/div>\n<\/div><\/div>\n<\/div>\n\n\n\n<div class=\"wp-block-uagb-container uagb-block-7ee18d5a\">\n<p><strong>Arquitectura de Plataformas y Servicios de Tecnolog\u00edas de la Informaci\u00f3n<\/strong><\/p>\n\n\n\n<div class=\"wp-block-uagb-buttons uagb-buttons__outer-wrap uagb-btn__default-btn uagb-btn-tablet__default-btn uagb-btn-mobile__default-btn uagb-block-6b0664f6\"><div class=\"uagb-buttons__wrap uagb-buttons-layout-wrap \">\n<div class=\"wp-block-uagb-buttons-child uagb-buttons__outer-wrap uagb-block-9ed383dd wp-block-button\"><div class=\"uagb-button__wrapper\"><a class=\"uagb-buttons-repeater wp-block-button__link\" aria-label=\"\" href=\"https:\/\/isanagustin.edu.pe\/portal1\/wp-content\/uploads\/2025\/03\/ARQUITECTURA-DE-PLATAFORMAS-Y-S.T.I.pdf\" rel=\"follow noopener\" target=\"_blank\" role=\"button\"><div class=\"uagb-button__link\">ver resultados<\/div><\/a><\/div><\/div>\n<\/div><\/div>\n<\/div>\n\n\n\n<div class=\"wp-block-uagb-container uagb-block-35340225\">\n<p><strong>Producci\u00f3n Agropecuaria<\/strong><\/p>\n\n\n\n<div class=\"wp-block-uagb-buttons uagb-buttons__outer-wrap uagb-btn__default-btn uagb-btn-tablet__default-btn uagb-btn-mobile__default-btn uagb-block-b5802387\"><div class=\"uagb-buttons__wrap uagb-buttons-layout-wrap \">\n<div class=\"wp-block-uagb-buttons-child uagb-buttons__outer-wrap uagb-block-e582e05a wp-block-button\"><div class=\"uagb-button__wrapper\"><a class=\"uagb-buttons-repeater wp-block-button__link\" aria-label=\"\" href=\"https:\/\/isanagustin.edu.pe\/portal1\/wp-content\/uploads\/2025\/03\/PRODUCCION-AGROPECUARIA.pdf\" rel=\"follow noopener\" target=\"_blank\" role=\"button\"><div class=\"uagb-button__link\">ver resultados<\/div><\/a><\/div><\/div>\n<\/div><\/div>\n<\/div>\n\n\n\n<div class=\"wp-block-uagb-container uagb-block-6e2a457d\">\n<p><strong>Enfermer\u00eda T\u00e9cnica<\/strong><\/p>\n\n\n\n<div class=\"wp-block-uagb-buttons uagb-buttons__outer-wrap uagb-btn__default-btn uagb-btn-tablet__default-btn uagb-btn-mobile__default-btn uagb-block-d858f385\"><div class=\"uagb-buttons__wrap uagb-buttons-layout-wrap \">\n<div class=\"wp-block-uagb-buttons-child uagb-buttons__outer-wrap uagb-block-99308f47 wp-block-button\"><div class=\"uagb-button__wrapper\"><a class=\"uagb-buttons-repeater wp-block-button__link\" aria-label=\"\" href=\"https:\/\/isanagustin.edu.pe\/portal1\/wp-content\/uploads\/2025\/03\/ENFERMERIA-TECNICA.pdf\" rel=\"follow noopener\" target=\"_blank\" role=\"button\"><div class=\"uagb-button__link\">ver resultados<\/div><\/a><\/div><\/div>\n<\/div><\/div>\n<\/div>\n<\/div><\/div>\n\n\n\n<p><\/p>\n","protected":false},"excerpt":{"rendered":"<p>Bienvenidos al portal oficial del&nbsp;Proceso de Admisi\u00f3n 2025. En esta secci\u00f3n compartiremos toda la informaci\u00f3n relevante para los postulantes, incluyendo listas de exonerados, fechas clave y resultados finales. Mant\u00e9ngase atentos a las actualizaciones. Lista de Exonerados del Examen de Admisi\u00f3n Los estudiantes que cumplen con los criterios de exoneraci\u00f3n podr\u00e1n consultar si est\u00e1n exentos de [&hellip;]<\/p>\n","protected":false},"author":1,"featured_media":0,"parent":0,"menu_order":0,"comment_status":"closed","ping_status":"closed","template":"","meta":{"_uag_custom_page_level_css":"","site-sidebar-layout":"default","site-content-layout":"","ast-site-content-layout":"default","site-content-style":"default","site-sidebar-style":"default","ast-global-header-display":"","ast-banner-title-visibility":"","ast-main-header-display":"","ast-hfb-above-header-display":"","ast-hfb-below-header-display":"","ast-hfb-mobile-header-display":"","site-post-title":"disabled","ast-breadcrumbs-content":"","ast-featured-img":"","footer-sml-layout":"","theme-transparent-header-meta":"","adv-header-id-meta":"","stick-header-meta":"","header-above-stick-meta":"","header-main-stick-meta":"","header-below-stick-meta":"","astra-migrate-meta-layouts":"set","ast-page-background-enabled":"default","ast-page-background-meta":{"desktop":{"background-color":"","background-image":"","background-repeat":"repeat","background-position":"center center","background-size":"auto","background-attachment":"scroll","background-type":"","background-media":"","overlay-type":"","overlay-color":"","overlay-opacity":"","overlay-gradient":""},"tablet":{"background-color":"","background-image":"","background-repeat":"repeat","background-position":"center center","background-size":"auto","background-attachment":"scroll","background-type":"","background-media":"","overlay-type":"","overlay-color":"","overlay-opacity":"","overlay-gradient":""},"mobile":{"background-color":"","background-image":"","background-repeat":"repeat","background-position":"center center","background-size":"auto","background-attachment":"scroll","background-type":"","background-media":"","overlay-type":"","overlay-color":"","overlay-opacity":"","overlay-gradient":""}},"ast-content-background-meta":{"desktop":{"background-color":"var(--ast-global-color-5)","background-image":"","background-repeat":"repeat","background-position":"center center","background-size":"auto","background-attachment":"scroll","background-type":"","background-media":"","overlay-type":"","overlay-color":"","overlay-opacity":"","overlay-gradient":""},"tablet":{"background-color":"var(--ast-global-color-5)","background-image":"","background-repeat":"repeat","background-position":"center center","background-size":"auto","background-attachment":"scroll","background-type":"","background-media":"","overlay-type":"","overlay-color":"","overlay-opacity":"","overlay-gradient":""},"mobile":{"background-color":"var(--ast-global-color-5)","background-image":"","background-repeat":"repeat","background-position":"center center","background-size":"auto","background-attachment":"scroll","background-type":"","background-media":"","overlay-type":"","overlay-color":"","overlay-opacity":"","overlay-gradient":""}},"footnotes":""},"class_list":["post-2854","page","type-page","status-publish","hentry"],"uagb_featured_image_src":{"full":false,"thumbnail":false,"medium":false,"medium_large":false,"large":false,"1536x1536":false,"2048x2048":false},"uagb_author_info":{"display_name":"junior","author_link":"https:\/\/isanagustin.edu.pe\/portal1\/author\/junior\/"},"uagb_comment_info":0,"uagb_excerpt":"Bienvenidos al portal oficial del&nbsp;Proceso de Admisi\u00f3n 2025. En esta secci\u00f3n compartiremos toda la informaci\u00f3n relevante para los postulantes, incluyendo listas de exonerados, fechas clave y resultados finales. Mant\u00e9ngase atentos a las actualizaciones. Lista de Exonerados del Examen de Admisi\u00f3n Los estudiantes que cumplen con los criterios de exoneraci\u00f3n podr\u00e1n consultar si est\u00e1n exentos de&hellip;","_links":{"self":[{"href":"https:\/\/isanagustin.edu.pe\/portal1\/wp-json\/wp\/v2\/pages\/2854","targetHints":{"allow":["GET"]}}],"collection":[{"href":"https:\/\/isanagustin.edu.pe\/portal1\/wp-json\/wp\/v2\/pages"}],"about":[{"href":"https:\/\/isanagustin.edu.pe\/portal1\/wp-json\/wp\/v2\/types\/page"}],"author":[{"embeddable":true,"href":"https:\/\/isanagustin.edu.pe\/portal1\/wp-json\/wp\/v2\/users\/1"}],"replies":[{"embeddable":true,"href":"https:\/\/isanagustin.edu.pe\/portal1\/wp-json\/wp\/v2\/comments?post=2854"}],"version-history":[{"count":9,"href":"https:\/\/isanagustin.edu.pe\/portal1\/wp-json\/wp\/v2\/pages\/2854\/revisions"}],"predecessor-version":[{"id":3409,"href":"https:\/\/isanagustin.edu.pe\/portal1\/wp-json\/wp\/v2\/pages\/2854\/revisions\/3409"}],"wp:attachment":[{"href":"https:\/\/isanagustin.edu.pe\/portal1\/wp-json\/wp\/v2\/media?parent=2854"}],"curies":[{"name":"wp","href":"https:\/\/api.w.org\/{rel}","templated":true}]}}