{"id":2924,"date":"2024-08-19T10:12:09","date_gmt":"2024-08-19T15:12:09","guid":{"rendered":"https:\/\/isanagustin.edu.pe\/portal1\/?page_id=2924"},"modified":"2024-08-19T10:36:40","modified_gmt":"2024-08-19T15:36:40","slug":"licenciamiento","status":"publish","type":"page","link":"https:\/\/isanagustin.edu.pe\/portal1\/licenciamiento\/","title":{"rendered":"Licenciamiento"},"content":{"rendered":"\n<div class=\"wp-block-uagb-container uagb-block-cfec9447 alignfull uagb-is-root-container\"><div class=\"uagb-container-inner-blocks-wrap\">\n<div class=\"wp-block-uagb-info-box uagb-block-568cd672 uagb-infobox__content-wrap  uagb-infobox-icon-above-title uagb-infobox-image-valign-top\"><div class=\"uagb-ifb-content\"><div class=\"uagb-ifb-title-wrap\"><h1 class=\"uagb-ifb-title\">Licenciamiento<\/h1><\/div><p class=\"uagb-ifb-desc\">\u201cEl licenciamiento del IESTP San Agust\u00edn asegura el cumplimiento de est\u00e1ndares de calidad educativa, garantizando excelencia acad\u00e9mica y transparencia institucional.\u201d<\/p><\/div><\/div>\n<\/div><\/div>\n\n\n\n<div class=\"wp-block-uagb-container uagb-layout-grid uagb-block-d605581b alignfull uagb-is-root-container\"><div class=\"uagb-container-inner-blocks-wrap\">\n<div class=\"wp-block-uagb-advanced-heading uagb-block-65d4c583\"><h3 class=\"uagb-heading-text\">Instituto de Educaci\u00f3n Superior Tecnol\u00f3gico \u00abSan Agust\u00edn\u00bb<\/h3><\/div>\n\n\n\n<div class=\"wp-block-uagb-separator uagb-block-e29a4f22 wp-block-uagb-separator--icon\"><div class=\"uagb-separator-spacing-wrapper\"><div class=\"wp-block-uagb-separator__inner\" style=\"--my-background-image:\"><div class=\"wp-block-uagb-separator-element\"><svg xmlns=\"https:\/\/www.w3.org\/2000\/svg\" viewBox=\"0 0 448 512\"><path d=\"M224 416c-8.188 0-16.38-3.125-22.62-9.375l-192-192c-12.5-12.5-12.5-32.75 0-45.25s32.75-12.5 45.25 0L224 338.8l169.4-169.4c12.5-12.5 32.75-12.5 45.25 0s12.5 32.75 0 45.25l-192 192C240.4 412.9 232.2 416 224 416z\"><\/path><\/svg><\/div><\/div><\/div><\/div>\n\n\n\n<p class=\"has-pale-cyan-blue-background-color has-background\"><strong>\u00abAqu\u00ed ir\u00e1 el periodo de vigencia de licenciamiento\u00bb<\/strong><\/p>\n\n\n\n<div class=\"wp-block-uagb-separator uagb-block-fb8f8987 wp-block-uagb-separator--icon\"><div class=\"uagb-separator-spacing-wrapper\"><div class=\"wp-block-uagb-separator__inner\" style=\"--my-background-image:\"><div class=\"wp-block-uagb-separator-element\"><svg xmlns=\"https:\/\/www.w3.org\/2000\/svg\" viewBox=\"0 0 448 512\"><path d=\"M224 416c-8.188 0-16.38-3.125-22.62-9.375l-192-192c-12.5-12.5-12.5-32.75 0-45.25s32.75-12.5 45.25 0L224 338.8l169.4-169.4c12.5-12.5 32.75-12.5 45.25 0s12.5 32.75 0 45.25l-192 192C240.4 412.9 232.2 416 224 416z\"><\/path><\/svg><\/div><\/div><\/div><\/div>\n\n\n\n<p>Nos encontramos trabajando para el logro del licenciamiento; en aras de cumplir al 100% las condiciones B\u00e1sicas de Calidad.<\/p>\n<\/div><\/div>\n\n\n\n<p><\/p>\n","protected":false},"excerpt":{"rendered":"<p>Instituto de Educaci\u00f3n Superior Tecnol\u00f3gico \u00abSan Agust\u00edn\u00bb \u00abAqu\u00ed ir\u00e1 el periodo de vigencia de licenciamiento\u00bb Nos encontramos trabajando para el logro del licenciamiento; en aras de cumplir al 100% las condiciones B\u00e1sicas de Calidad.<\/p>\n","protected":false},"author":1,"featured_media":0,"parent":0,"menu_order":0,"comment_status":"closed","ping_status":"closed","template":"","meta":{"_uag_custom_page_level_css":"","site-sidebar-layout":"default","site-content-layout":"","ast-site-content-layout":"default","site-content-style":"default","site-sidebar-style":"default","ast-global-header-display":"","ast-banner-title-visibility":"","ast-main-header-display":"","ast-hfb-above-header-display":"","ast-hfb-below-header-display":"","ast-hfb-mobile-header-display":"","site-post-title":"disabled","ast-breadcrumbs-content":"","ast-featured-img":"","footer-sml-layout":"","theme-transparent-header-meta":"","adv-header-id-meta":"","stick-header-meta":"","header-above-stick-meta":"","header-main-stick-meta":"","header-below-stick-meta":"","astra-migrate-meta-layouts":"set","ast-page-background-enabled":"default","ast-page-background-meta":{"desktop":{"background-color":"","background-image":"","background-repeat":"repeat","background-position":"center center","background-size":"auto","background-attachment":"scroll","background-type":"","background-media":"","overlay-type":"","overlay-color":"","overlay-opacity":"","overlay-gradient":""},"tablet":{"background-color":"","background-image":"","background-repeat":"repeat","background-position":"center center","background-size":"auto","background-attachment":"scroll","background-type":"","background-media":"","overlay-type":"","overlay-color":"","overlay-opacity":"","overlay-gradient":""},"mobile":{"background-color":"","background-image":"","background-repeat":"repeat","background-position":"center center","background-size":"auto","background-attachment":"scroll","background-type":"","background-media":"","overlay-type":"","overlay-color":"","overlay-opacity":"","overlay-gradient":""}},"ast-content-background-meta":{"desktop":{"background-color":"var(--ast-global-color-5)","background-image":"","background-repeat":"repeat","background-position":"center center","background-size":"auto","background-attachment":"scroll","background-type":"","background-media":"","overlay-type":"","overlay-color":"","overlay-opacity":"","overlay-gradient":""},"tablet":{"background-color":"var(--ast-global-color-5)","background-image":"","background-repeat":"repeat","background-position":"center center","background-size":"auto","background-attachment":"scroll","background-type":"","background-media":"","overlay-type":"","overlay-color":"","overlay-opacity":"","overlay-gradient":""},"mobile":{"background-color":"var(--ast-global-color-5)","background-image":"","background-repeat":"repeat","background-position":"center center","background-size":"auto","background-attachment":"scroll","background-type":"","background-media":"","overlay-type":"","overlay-color":"","overlay-opacity":"","overlay-gradient":""}},"footnotes":""},"class_list":["post-2924","page","type-page","status-publish","hentry"],"uagb_featured_image_src":{"full":false,"thumbnail":false,"medium":false,"medium_large":false,"large":false,"1536x1536":false,"2048x2048":false},"uagb_author_info":{"display_name":"junior","author_link":"https:\/\/isanagustin.edu.pe\/portal1\/author\/junior\/"},"uagb_comment_info":0,"uagb_excerpt":"Instituto de Educaci\u00f3n Superior Tecnol\u00f3gico \u00abSan Agust\u00edn\u00bb \u00abAqu\u00ed ir\u00e1 el periodo de vigencia de licenciamiento\u00bb Nos encontramos trabajando para el logro del licenciamiento; en aras de cumplir al 100% las condiciones B\u00e1sicas de Calidad.","_links":{"self":[{"href":"https:\/\/isanagustin.edu.pe\/portal1\/wp-json\/wp\/v2\/pages\/2924","targetHints":{"allow":["GET"]}}],"collection":[{"href":"https:\/\/isanagustin.edu.pe\/portal1\/wp-json\/wp\/v2\/pages"}],"about":[{"href":"https:\/\/isanagustin.edu.pe\/portal1\/wp-json\/wp\/v2\/types\/page"}],"author":[{"embeddable":true,"href":"https:\/\/isanagustin.edu.pe\/portal1\/wp-json\/wp\/v2\/users\/1"}],"replies":[{"embeddable":true,"href":"https:\/\/isanagustin.edu.pe\/portal1\/wp-json\/wp\/v2\/comments?post=2924"}],"version-history":[{"count":5,"href":"https:\/\/isanagustin.edu.pe\/portal1\/wp-json\/wp\/v2\/pages\/2924\/revisions"}],"predecessor-version":[{"id":2941,"href":"https:\/\/isanagustin.edu.pe\/portal1\/wp-json\/wp\/v2\/pages\/2924\/revisions\/2941"}],"wp:attachment":[{"href":"https:\/\/isanagustin.edu.pe\/portal1\/wp-json\/wp\/v2\/media?parent=2924"}],"curies":[{"name":"wp","href":"https:\/\/api.w.org\/{rel}","templated":true}]}}