{"id":2931,"date":"2024-08-19T10:24:52","date_gmt":"2024-08-19T15:24:52","guid":{"rendered":"https:\/\/isanagustin.edu.pe\/portal1\/?page_id=2931"},"modified":"2025-06-12T18:27:11","modified_gmt":"2025-06-12T23:27:11","slug":"inversiones-y-donaciones","status":"publish","type":"page","link":"https:\/\/isanagustin.edu.pe\/portal1\/inversiones-y-donaciones\/","title":{"rendered":"Inversiones y Donaciones"},"content":{"rendered":"\n<div class=\"wp-block-uagb-container uagb-block-45c9b0e4 alignfull uagb-is-root-container\"><div class=\"uagb-container-inner-blocks-wrap\">\n<div class=\"wp-block-uagb-info-box uagb-block-bc752ccd uagb-infobox__content-wrap  uagb-infobox-icon-above-title uagb-infobox-image-valign-top\"><div class=\"uagb-ifb-content\"><div class=\"uagb-ifb-title-wrap\"><h1 class=\"uagb-ifb-title\">Inversiones y Donaciones<\/h1><\/div><p class=\"uagb-ifb-desc\">\u201cLas inversiones y donaciones del IESTP San Agust\u00edn fortalecen la infraestructura educativa, promoviendo el desarrollo acad\u00e9mico y la innovaci\u00f3n tecnol\u00f3gica.\u201d<\/p><\/div><\/div>\n<\/div><\/div>\n\n\n\n<div class=\"wp-block-uagb-container uagb-block-6dff3c4f alignfull uagb-is-root-container\"><div class=\"uagb-container-inner-blocks-wrap\">\n<div class=\"wp-block-uagb-tabs uagb-block-77bfb19a uagb-tabs__wrap uagb-tabs__hstyle1-desktop uagb-tabs__vstyle6-tablet uagb-tabs__stack1-mobile\" data-tab-active=\"0\"><ul class=\"uagb-tabs__panel uagb-tabs__align-left\" role=\"tablist\"><li class=\"uagb-tab uagb-tabs__active\" role=\"none\"><a href=\"#uagb-tabs__tab0\" class=\"uagb-tabs-list uagb-tabs__icon-position-left\" data-tab=\"0\" role=\"tab\"><span class=\"uagb-tabs__icon\"><svg xmlns=\"https:\/\/www.w3.org\/2000\/svg\" viewBox=\"0 0 576 512\"><path d=\"M279.6 160.4C282.4 160.1 285.2 160 288 160C341 160 384 202.1 384 256C384 309 341 352 288 352C234.1 352 192 309 192 256C192 253.2 192.1 250.4 192.4 247.6C201.7 252.1 212.5 256 224 256C259.3 256 288 227.3 288 192C288 180.5 284.1 169.7 279.6 160.4zM480.6 112.6C527.4 156 558.7 207.1 573.5 243.7C576.8 251.6 576.8 260.4 573.5 268.3C558.7 304 527.4 355.1 480.6 399.4C433.5 443.2 368.8 480 288 480C207.2 480 142.5 443.2 95.42 399.4C48.62 355.1 17.34 304 2.461 268.3C-.8205 260.4-.8205 251.6 2.461 243.7C17.34 207.1 48.62 156 95.42 112.6C142.5 68.84 207.2 32 288 32C368.8 32 433.5 68.84 480.6 112.6V112.6zM288 112C208.5 112 144 176.5 144 256C144 335.5 208.5 400 288 400C367.5 400 432 335.5 432 256C432 176.5 367.5 112 288 112z\"><\/path><\/svg><\/span><div>Inversiones<\/div><\/a><\/li><li class=\"uagb-tab \" role=\"none\"><a href=\"#uagb-tabs__tab1\" class=\"uagb-tabs-list uagb-tabs__icon-position-left\" data-tab=\"1\" role=\"tab\"><span class=\"uagb-tabs__icon\"><svg xmlns=\"https:\/\/www.w3.org\/2000\/svg\" viewBox=\"0 0 576 512\"><path d=\"M279.6 160.4C282.4 160.1 285.2 160 288 160C341 160 384 202.1 384 256C384 309 341 352 288 352C234.1 352 192 309 192 256C192 253.2 192.1 250.4 192.4 247.6C201.7 252.1 212.5 256 224 256C259.3 256 288 227.3 288 192C288 180.5 284.1 169.7 279.6 160.4zM480.6 112.6C527.4 156 558.7 207.1 573.5 243.7C576.8 251.6 576.8 260.4 573.5 268.3C558.7 304 527.4 355.1 480.6 399.4C433.5 443.2 368.8 480 288 480C207.2 480 142.5 443.2 95.42 399.4C48.62 355.1 17.34 304 2.461 268.3C-.8205 260.4-.8205 251.6 2.461 243.7C17.34 207.1 48.62 156 95.42 112.6C142.5 68.84 207.2 32 288 32C368.8 32 433.5 68.84 480.6 112.6V112.6zM288 112C208.5 112 144 176.5 144 256C144 335.5 208.5 400 288 400C367.5 400 432 335.5 432 256C432 176.5 367.5 112 288 112z\"><\/path><\/svg><\/span><div>Reinversiones<\/div><\/a><\/li><li class=\"uagb-tab \" role=\"none\"><a href=\"#uagb-tabs__tab2\" class=\"uagb-tabs-list uagb-tabs__icon-position-left\" data-tab=\"2\" role=\"tab\"><span class=\"uagb-tabs__icon\"><svg xmlns=\"https:\/\/www.w3.org\/2000\/svg\" viewBox=\"0 0 576 512\"><path d=\"M279.6 160.4C282.4 160.1 285.2 160 288 160C341 160 384 202.1 384 256C384 309 341 352 288 352C234.1 352 192 309 192 256C192 253.2 192.1 250.4 192.4 247.6C201.7 252.1 212.5 256 224 256C259.3 256 288 227.3 288 192C288 180.5 284.1 169.7 279.6 160.4zM480.6 112.6C527.4 156 558.7 207.1 573.5 243.7C576.8 251.6 576.8 260.4 573.5 268.3C558.7 304 527.4 355.1 480.6 399.4C433.5 443.2 368.8 480 288 480C207.2 480 142.5 443.2 95.42 399.4C48.62 355.1 17.34 304 2.461 268.3C-.8205 260.4-.8205 251.6 2.461 243.7C17.34 207.1 48.62 156 95.42 112.6C142.5 68.84 207.2 32 288 32C368.8 32 433.5 68.84 480.6 112.6V112.6zM288 112C208.5 112 144 176.5 144 256C144 335.5 208.5 400 288 400C367.5 400 432 335.5 432 256C432 176.5 367.5 112 288 112z\"><\/path><\/svg><\/span><div>Donaciones<\/div><\/a><\/li><li class=\"uagb-tab \" role=\"none\"><a href=\"#uagb-tabs__tab3\" class=\"uagb-tabs-list uagb-tabs__icon-position-left\" data-tab=\"3\" role=\"tab\"><span class=\"uagb-tabs__icon\"><svg xmlns=\"https:\/\/www.w3.org\/2000\/svg\" viewBox=\"0 0 576 512\"><path d=\"M279.6 160.4C282.4 160.1 285.2 160 288 160C341 160 384 202.1 384 256C384 309 341 352 288 352C234.1 352 192 309 192 256C192 253.2 192.1 250.4 192.4 247.6C201.7 252.1 212.5 256 224 256C259.3 256 288 227.3 288 192C288 180.5 284.1 169.7 279.6 160.4zM480.6 112.6C527.4 156 558.7 207.1 573.5 243.7C576.8 251.6 576.8 260.4 573.5 268.3C558.7 304 527.4 355.1 480.6 399.4C433.5 443.2 368.8 480 288 480C207.2 480 142.5 443.2 95.42 399.4C48.62 355.1 17.34 304 2.461 268.3C-.8205 260.4-.8205 251.6 2.461 243.7C17.34 207.1 48.62 156 95.42 112.6C142.5 68.84 207.2 32 288 32C368.8 32 433.5 68.84 480.6 112.6V112.6zM288 112C208.5 112 144 176.5 144 256C144 335.5 208.5 400 288 400C367.5 400 432 335.5 432 256C432 176.5 367.5 112 288 112z\"><\/path><\/svg><\/span><div>Obras de Infraestructura<\/div><\/a><\/li><\/ul><div class=\"uagb-tabs__body-wrap\">\n<div class=\"wp-block-uagb-tabs-child uagb-tabs__body-container uagb-inner-tab-0\" aria-labelledby=\"uagb-tabs__tab0\">\n<p>No se cuenta con inversiones en los \u00faltimos a\u00f1os<\/p>\n<\/div>\n\n\n\n<div class=\"wp-block-uagb-tabs-child uagb-tabs__body-container uagb-inner-tab-1\" aria-labelledby=\"uagb-tabs__tab1\">\n<p>No se cuenta con Reinversiones en los \u00faltimos a\u00f1os<\/p>\n<\/div>\n\n\n\n<div class=\"wp-block-uagb-tabs-child uagb-tabs__body-container uagb-inner-tab-2\" aria-labelledby=\"uagb-tabs__tab2\">\n<p>No se cuenta con donaciones en los \u00faltimos a\u00f1os<\/p>\n<\/div>\n\n\n\n<div class=\"wp-block-uagb-tabs-child uagb-tabs__body-container uagb-inner-tab-3\" aria-labelledby=\"uagb-tabs__tab3\">\n<p>Actualmente, estamos llevando a cabo dos importantes proyectos de infraestructura en nuestras instalaciones:<\/p>\n\n\n\n<div class=\"wp-block-uagb-icon-list uagb-block-6737be17\"><div class=\"uagb-icon-list__wrap\">\n<div class=\"wp-block-uagb-icon-list-child uagb-block-3e7cbc3c\"><span class=\"uagb-icon-list__source-wrap\"><svg xmlns=\"https:\/\/www.w3.org\/2000\/svg\" viewBox=\"0 0 512 512\"><path d=\"M256 0C114.6 0 0 114.6 0 256c0 141.4 114.6 256 256 256s256-114.6 256-256C512 114.6 397.4 0 256 0zM406.6 278.6l-103.1 103.1c-12.5 12.5-32.75 12.5-45.25 0s-12.5-32.75 0-45.25L306.8 288H128C110.3 288 96 273.7 96 256s14.31-32 32-32h178.8l-49.38-49.38c-12.5-12.5-12.5-32.75 0-45.25s32.75-12.5 45.25 0l103.1 103.1C414.6 241.3 416 251.1 416 256C416 260.9 414.6 270.7 406.6 278.6z\"><\/path><\/svg><\/span><span class=\"uagb-icon-list__label\"><strong>Construcci\u00f3n de Ascensor<\/strong> para mejorar la accesibilidad y comodidad en el edificio.<\/span><\/div>\n\n\n\n<div class=\"wp-block-uagb-icon-list-child uagb-block-6a6f54ec\"><span class=\"uagb-icon-list__source-wrap\"><svg xmlns=\"https:\/\/www.w3.org\/2000\/svg\" viewBox=\"0 0 512 512\"><path d=\"M256 0C114.6 0 0 114.6 0 256c0 141.4 114.6 256 256 256s256-114.6 256-256C512 114.6 397.4 0 256 0zM406.6 278.6l-103.1 103.1c-12.5 12.5-32.75 12.5-45.25 0s-12.5-32.75 0-45.25L306.8 288H128C110.3 288 96 273.7 96 256s14.31-32 32-32h178.8l-49.38-49.38c-12.5-12.5-12.5-32.75 0-45.25s32.75-12.5 45.25 0l103.1 103.1C414.6 241.3 416 251.1 416 256C416 260.9 414.6 270.7 406.6 278.6z\"><\/path><\/svg><\/span><span class=\"uagb-icon-list__label\"><strong>Acondicionamiento de Aulas<\/strong> para proporcionar espacios de aprendizaje m\u00e1s modernos y funcionales.<\/span><\/div>\n<\/div><\/div>\n<\/div>\n<\/div><\/div>\n<\/div><\/div>\n","protected":false},"excerpt":{"rendered":"","protected":false},"author":1,"featured_media":0,"parent":0,"menu_order":0,"comment_status":"closed","ping_status":"closed","template":"","meta":{"_uag_custom_page_level_css":"","site-sidebar-layout":"default","site-content-layout":"","ast-site-content-layout":"default","site-content-style":"default","site-sidebar-style":"default","ast-global-header-display":"","ast-banner-title-visibility":"","ast-main-header-display":"","ast-hfb-above-header-display":"","ast-hfb-below-header-display":"","ast-hfb-mobile-header-display":"","site-post-title":"disabled","ast-breadcrumbs-content":"","ast-featured-img":"","footer-sml-layout":"","theme-transparent-header-meta":"","adv-header-id-meta":"","stick-header-meta":"","header-above-stick-meta":"","header-main-stick-meta":"","header-below-stick-meta":"","astra-migrate-meta-layouts":"set","ast-page-background-enabled":"default","ast-page-background-meta":{"desktop":{"background-color":"","background-image":"","background-repeat":"repeat","background-position":"center center","background-size":"auto","background-attachment":"scroll","background-type":"","background-media":"","overlay-type":"","overlay-color":"","overlay-opacity":"","overlay-gradient":""},"tablet":{"background-color":"","background-image":"","background-repeat":"repeat","background-position":"center center","background-size":"auto","background-attachment":"scroll","background-type":"","background-media":"","overlay-type":"","overlay-color":"","overlay-opacity":"","overlay-gradient":""},"mobile":{"background-color":"","background-image":"","background-repeat":"repeat","background-position":"center center","background-size":"auto","background-attachment":"scroll","background-type":"","background-media":"","overlay-type":"","overlay-color":"","overlay-opacity":"","overlay-gradient":""}},"ast-content-background-meta":{"desktop":{"background-color":"var(--ast-global-color-5)","background-image":"","background-repeat":"repeat","background-position":"center center","background-size":"auto","background-attachment":"scroll","background-type":"","background-media":"","overlay-type":"","overlay-color":"","overlay-opacity":"","overlay-gradient":""},"tablet":{"background-color":"var(--ast-global-color-5)","background-image":"","background-repeat":"repeat","background-position":"center center","background-size":"auto","background-attachment":"scroll","background-type":"","background-media":"","overlay-type":"","overlay-color":"","overlay-opacity":"","overlay-gradient":""},"mobile":{"background-color":"var(--ast-global-color-5)","background-image":"","background-repeat":"repeat","background-position":"center center","background-size":"auto","background-attachment":"scroll","background-type":"","background-media":"","overlay-type":"","overlay-color":"","overlay-opacity":"","overlay-gradient":""}},"footnotes":""},"class_list":["post-2931","page","type-page","status-publish","hentry"],"uagb_featured_image_src":{"full":false,"thumbnail":false,"medium":false,"medium_large":false,"large":false,"1536x1536":false,"2048x2048":false},"uagb_author_info":{"display_name":"junior","author_link":"https:\/\/isanagustin.edu.pe\/portal1\/author\/junior\/"},"uagb_comment_info":0,"uagb_excerpt":null,"_links":{"self":[{"href":"https:\/\/isanagustin.edu.pe\/portal1\/wp-json\/wp\/v2\/pages\/2931","targetHints":{"allow":["GET"]}}],"collection":[{"href":"https:\/\/isanagustin.edu.pe\/portal1\/wp-json\/wp\/v2\/pages"}],"about":[{"href":"https:\/\/isanagustin.edu.pe\/portal1\/wp-json\/wp\/v2\/types\/page"}],"author":[{"embeddable":true,"href":"https:\/\/isanagustin.edu.pe\/portal1\/wp-json\/wp\/v2\/users\/1"}],"replies":[{"embeddable":true,"href":"https:\/\/isanagustin.edu.pe\/portal1\/wp-json\/wp\/v2\/comments?post=2931"}],"version-history":[{"count":9,"href":"https:\/\/isanagustin.edu.pe\/portal1\/wp-json\/wp\/v2\/pages\/2931\/revisions"}],"predecessor-version":[{"id":3450,"href":"https:\/\/isanagustin.edu.pe\/portal1\/wp-json\/wp\/v2\/pages\/2931\/revisions\/3450"}],"wp:attachment":[{"href":"https:\/\/isanagustin.edu.pe\/portal1\/wp-json\/wp\/v2\/media?parent=2931"}],"curies":[{"name":"wp","href":"https:\/\/api.w.org\/{rel}","templated":true}]}}