{"id":2942,"date":"2024-08-19T10:42:36","date_gmt":"2024-08-19T15:42:36","guid":{"rendered":"https:\/\/isanagustin.edu.pe\/portal1\/?page_id=2942"},"modified":"2026-02-19T22:24:48","modified_gmt":"2026-02-20T03:24:48","slug":"proceso-de-contratacion-docente","status":"publish","type":"page","link":"https:\/\/isanagustin.edu.pe\/portal1\/proceso-de-contratacion-docente\/","title":{"rendered":"Proceso de Contrataci\u00f3n Docente"},"content":{"rendered":"\n<div class=\"wp-block-uagb-container uagb-block-f5230c84 alignfull uagb-is-root-container\"><div class=\"uagb-container-inner-blocks-wrap\">\n<div class=\"wp-block-uagb-info-box uagb-block-1abf1735 uagb-infobox__content-wrap  uagb-infobox-icon-above-title uagb-infobox-image-valign-top\"><div class=\"uagb-ifb-content\"><div class=\"uagb-ifb-title-wrap\"><h1 class=\"uagb-ifb-title\">Contrataci\u00f3n Docente<\/h1><\/div><p class=\"uagb-ifb-desc\">\u201cLa contrataci\u00f3n de docentes del IESTP San Agust\u00edn garantiza personal altamente calificado, promoviendo excelencia acad\u00e9mica y desarrollo profesional continuo.\u201d<\/p><\/div><\/div>\n<\/div><\/div>\n\n\n\n<div class=\"wp-block-uagb-container uagb-block-b7208e22 alignfull uagb-is-root-container\"><div class=\"uagb-container-inner-blocks-wrap\">\n<div class=\"wp-block-uagb-advanced-heading uagb-block-9f92ab4c\"><h3 class=\"uagb-heading-text\">Proceso de contrataci\u00f3n docente 2026<\/h3><\/div>\n\n\n\n<p>En primer lugar, quiero felicitar a todos los interesados en ser parte del equipo docente de esta instituci\u00f3n por su inter\u00e9s en la educaci\u00f3n y su compromiso con la formaci\u00f3n de profesionales altamente capacitados.<\/p>\n\n\n\n<p>La educaci\u00f3n es la base del desarrollo de cualquier sociedad y el Instituto Superior Tecnol\u00f3gico P\u00fablico San Agust\u00edn se encuentra en la importante tarea de formar profesionales capaces de enfrentar los desaf\u00edos del mundo actual.<\/p>\n\n\n\n<p>A aquellos que decidan postular, les invito a demostrar su compromiso y pasi\u00f3n por la ense\u00f1anza, as\u00ed como su capacidad para transmitir sus conocimientos de manera clara y efectiva. Los alumnos del Instituto Superior Tecnol\u00f3gico P\u00fablico San Agust\u00edn merecen lo mejor y esperamos contar con los mejores docentes para lograrlo.<\/p>\n\n\n\n<p>Les deseo mucho \u00e9xito en este proceso de convocatoria docente 2026 y esperamos contar con su valiosa contribuci\u00f3n para formar a las nuevas generaciones de profesionales.<\/p>\n\n\n\n<div class=\"wp-block-uagb-buttons uagb-buttons__outer-wrap uagb-btn__default-btn uagb-btn-tablet__default-btn uagb-btn-mobile__default-btn uagb-block-3bb0c4ec\"><div class=\"uagb-buttons__wrap uagb-buttons-layout-wrap \">\n<div class=\"wp-block-uagb-buttons-child uagb-buttons__outer-wrap uagb-block-d45ee3ea wp-block-button\"><div class=\"uagb-button__wrapper\"><a class=\"uagb-buttons-repeater wp-block-button__link\" aria-label=\"\" href=\"https:\/\/isanagustin.edu.pe\/portal1\/wp-content\/uploads\/2026\/01\/PROCESO_DE_CONT_DOCENTE_IEST_SAN-AGUSTIN-2026.pdf\" rel=\"follow noopener\" target=\"_blank\" role=\"button\"><div class=\"uagb-button__link\">REVISAR LOS DETALLES<\/div><span class=\"uagb-button__icon uagb-button__icon-position-after\"><svg xmlns=\"https:\/\/www.w3.org\/2000\/svg\" viewBox=\"0 0 640 512\" aria-hidden=\"true\" focussable=\"false\"><path d=\"M144 480C64.47 480 0 415.5 0 336C0 273.2 40.17 219.8 96.2 200.1C96.07 197.4 96 194.7 96 192C96 103.6 167.6 32 256 32C315.3 32 367 64.25 394.7 112.2C409.9 101.1 428.3 96 448 96C501 96 544 138.1 544 192C544 204.2 541.7 215.8 537.6 226.6C596 238.4 640 290.1 640 352C640 422.7 582.7 480 512 480H144zM303 392.1C312.4 402.3 327.6 402.3 336.1 392.1L416.1 312.1C426.3 303.6 426.3 288.4 416.1 279C407.6 269.7 392.4 269.7 383 279L344 318.1V184C344 170.7 333.3 160 320 160C306.7 160 296 170.7 296 184V318.1L256.1 279C247.6 269.7 232.4 269.7 223 279C213.7 288.4 213.7 303.6 223 312.1L303 392.1z\"><\/path><\/svg><\/span><\/a><\/div><\/div>\n<\/div><\/div>\n\n\n\n<div class=\"wp-block-uagb-advanced-heading uagb-block-b5c38f22\"><h2 class=\"uagb-heading-text\">Resultados parciales contrato docente 2026<\/h2><\/div>\n\n\n\n<div class=\"wp-block-uagb-buttons uagb-buttons__outer-wrap uagb-btn__default-btn uagb-btn-tablet__default-btn uagb-btn-mobile__default-btn uagb-block-d1810c1b\"><div class=\"uagb-buttons__wrap uagb-buttons-layout-wrap \">\n<div class=\"wp-block-uagb-buttons-child uagb-buttons__outer-wrap uagb-block-0ff74a3b wp-block-button\"><div class=\"uagb-button__wrapper\"><a class=\"uagb-buttons-repeater wp-block-button__link\" aria-label=\"\" href=\"https:\/\/isanagustin.edu.pe\/portal1\/wp-content\/uploads\/2026\/02\/Resultados-parciales.pdf\" rel=\"follow noopener\" target=\"_blank\" role=\"button\"><div class=\"uagb-button__link\">Revisar resultados<\/div><span class=\"uagb-button__icon uagb-button__icon-position-after\"><svg xmlns=\"https:\/\/www.w3.org\/2000\/svg\" viewBox=\"0 0 448 512\" aria-hidden=\"true\" focussable=\"false\"><path d=\"M438.6 278.6l-160 160C272.4 444.9 264.2 448 256 448s-16.38-3.125-22.62-9.375c-12.5-12.5-12.5-32.75 0-45.25L338.8 288H32C14.33 288 .0016 273.7 .0016 256S14.33 224 32 224h306.8l-105.4-105.4c-12.5-12.5-12.5-32.75 0-45.25s32.75-12.5 45.25 0l160 160C451.1 245.9 451.1 266.1 438.6 278.6z\"><\/path><\/svg><\/span><\/a><\/div><\/div>\n<\/div><\/div>\n\n\n\n<div class=\"wp-block-uagb-advanced-heading uagb-block-306152ef\"><h2 class=\"uagb-heading-text\">Resultados finales<\/h2><\/div>\n\n\n\n<div class=\"wp-block-uagb-buttons uagb-buttons__outer-wrap uagb-btn__default-btn uagb-btn-tablet__default-btn uagb-btn-mobile__default-btn uagb-block-8f52f963\"><div class=\"uagb-buttons__wrap uagb-buttons-layout-wrap \">\n<div class=\"wp-block-uagb-buttons-child uagb-buttons__outer-wrap uagb-block-d7fda2dd wp-block-button\"><div class=\"uagb-button__wrapper\"><a class=\"uagb-buttons-repeater wp-block-button__link\" aria-label=\"\" href=\"https:\/\/isanagustin.edu.pe\/portal1\/wp-content\/uploads\/2026\/02\/RESULTADOS.pdf\" rel=\"follow noopener\" target=\"_blank\" role=\"button\"><div class=\"uagb-button__link\">REVISAR RESULTADOS<\/div><\/a><\/div><\/div>\n<\/div><\/div>\n<\/div><\/div>\n","protected":false},"excerpt":{"rendered":"<p>Proceso de contrataci\u00f3n docente 2026 En primer lugar, quiero felicitar a todos los interesados en ser parte del equipo docente de esta instituci\u00f3n por su inter\u00e9s en la educaci\u00f3n y su compromiso con la formaci\u00f3n de profesionales altamente capacitados. La educaci\u00f3n es la base del desarrollo de cualquier sociedad y el Instituto Superior Tecnol\u00f3gico P\u00fablico [&hellip;]<\/p>\n","protected":false},"author":1,"featured_media":0,"parent":0,"menu_order":0,"comment_status":"closed","ping_status":"closed","template":"","meta":{"_uag_custom_page_level_css":"","site-sidebar-layout":"default","site-content-layout":"","ast-site-content-layout":"default","site-content-style":"default","site-sidebar-style":"default","ast-global-header-display":"","ast-banner-title-visibility":"","ast-main-header-display":"","ast-hfb-above-header-display":"","ast-hfb-below-header-display":"","ast-hfb-mobile-header-display":"","site-post-title":"disabled","ast-breadcrumbs-content":"","ast-featured-img":"","footer-sml-layout":"","theme-transparent-header-meta":"","adv-header-id-meta":"","stick-header-meta":"","header-above-stick-meta":"","header-main-stick-meta":"","header-below-stick-meta":"","astra-migrate-meta-layouts":"set","ast-page-background-enabled":"default","ast-page-background-meta":{"desktop":{"background-color":"","background-image":"","background-repeat":"repeat","background-position":"center center","background-size":"auto","background-attachment":"scroll","background-type":"","background-media":"","overlay-type":"","overlay-color":"","overlay-opacity":"","overlay-gradient":""},"tablet":{"background-color":"","background-image":"","background-repeat":"repeat","background-position":"center center","background-size":"auto","background-attachment":"scroll","background-type":"","background-media":"","overlay-type":"","overlay-color":"","overlay-opacity":"","overlay-gradient":""},"mobile":{"background-color":"","background-image":"","background-repeat":"repeat","background-position":"center center","background-size":"auto","background-attachment":"scroll","background-type":"","background-media":"","overlay-type":"","overlay-color":"","overlay-opacity":"","overlay-gradient":""}},"ast-content-background-meta":{"desktop":{"background-color":"var(--ast-global-color-5)","background-image":"","background-repeat":"repeat","background-position":"center center","background-size":"auto","background-attachment":"scroll","background-type":"","background-media":"","overlay-type":"","overlay-color":"","overlay-opacity":"","overlay-gradient":""},"tablet":{"background-color":"var(--ast-global-color-5)","background-image":"","background-repeat":"repeat","background-position":"center center","background-size":"auto","background-attachment":"scroll","background-type":"","background-media":"","overlay-type":"","overlay-color":"","overlay-opacity":"","overlay-gradient":""},"mobile":{"background-color":"var(--ast-global-color-5)","background-image":"","background-repeat":"repeat","background-position":"center center","background-size":"auto","background-attachment":"scroll","background-type":"","background-media":"","overlay-type":"","overlay-color":"","overlay-opacity":"","overlay-gradient":""}},"footnotes":""},"class_list":["post-2942","page","type-page","status-publish","hentry"],"uagb_featured_image_src":{"full":false,"thumbnail":false,"medium":false,"medium_large":false,"large":false,"1536x1536":false,"2048x2048":false},"uagb_author_info":{"display_name":"junior","author_link":"https:\/\/isanagustin.edu.pe\/portal1\/author\/junior\/"},"uagb_comment_info":0,"uagb_excerpt":"Proceso de contrataci\u00f3n docente 2026 En primer lugar, quiero felicitar a todos los interesados en ser parte del equipo docente de esta instituci\u00f3n por su inter\u00e9s en la educaci\u00f3n y su compromiso con la formaci\u00f3n de profesionales altamente capacitados. La educaci\u00f3n es la base del desarrollo de cualquier sociedad y el Instituto Superior Tecnol\u00f3gico P\u00fablico&hellip;","_links":{"self":[{"href":"https:\/\/isanagustin.edu.pe\/portal1\/wp-json\/wp\/v2\/pages\/2942","targetHints":{"allow":["GET"]}}],"collection":[{"href":"https:\/\/isanagustin.edu.pe\/portal1\/wp-json\/wp\/v2\/pages"}],"about":[{"href":"https:\/\/isanagustin.edu.pe\/portal1\/wp-json\/wp\/v2\/types\/page"}],"author":[{"embeddable":true,"href":"https:\/\/isanagustin.edu.pe\/portal1\/wp-json\/wp\/v2\/users\/1"}],"replies":[{"embeddable":true,"href":"https:\/\/isanagustin.edu.pe\/portal1\/wp-json\/wp\/v2\/comments?post=2942"}],"version-history":[{"count":13,"href":"https:\/\/isanagustin.edu.pe\/portal1\/wp-json\/wp\/v2\/pages\/2942\/revisions"}],"predecessor-version":[{"id":3573,"href":"https:\/\/isanagustin.edu.pe\/portal1\/wp-json\/wp\/v2\/pages\/2942\/revisions\/3573"}],"wp:attachment":[{"href":"https:\/\/isanagustin.edu.pe\/portal1\/wp-json\/wp\/v2\/media?parent=2942"}],"curies":[{"name":"wp","href":"https:\/\/api.w.org\/{rel}","templated":true}]}}