{"id":2992,"date":"2024-08-19T11:50:46","date_gmt":"2024-08-19T16:50:46","guid":{"rendered":"https:\/\/isanagustin.edu.pe\/portal1\/?page_id=2992"},"modified":"2024-08-23T16:51:37","modified_gmt":"2024-08-23T21:51:37","slug":"silabos-de-programas-de-estudio","status":"publish","type":"page","link":"https:\/\/isanagustin.edu.pe\/portal1\/silabos-de-programas-de-estudio\/","title":{"rendered":"S\u00edlabos de Programas de Estudios"},"content":{"rendered":"\n<div class=\"wp-block-uagb-container uagb-block-71c92070 alignfull uagb-is-root-container\"><div class=\"uagb-container-inner-blocks-wrap\">\n<div class=\"wp-block-uagb-info-box uagb-block-4ba6ae48 uagb-infobox__content-wrap  uagb-infobox-icon-above-title uagb-infobox-image-valign-top\"><div class=\"uagb-ifb-content\"><div class=\"uagb-ifb-title-wrap\"><h1 class=\"uagb-ifb-title\">S\u00edlabos<\/h1><\/div><p class=\"uagb-ifb-desc\">\u201cLos s\u00edlabos del IESTP San Agust\u00edn facilitan el acceso a informaci\u00f3n acad\u00e9mica esencial, permitiendo una planificaci\u00f3n y organizaci\u00f3n eficiente de las actividades de estudio.\u201d<\/p><\/div><\/div>\n<\/div><\/div>\n\n\n\n<div class=\"wp-block-uagb-container uagb-layout-grid uagb-block-b96219c0 alignfull uagb-is-root-container\"><div class=\"uagb-container-inner-blocks-wrap\">\n<div class=\"wp-block-uagb-container uagb-block-3651ec22\">\n<div class=\"wp-block-uagb-image uagb-block-b346bc76 wp-block-uagb-image--layout-default wp-block-uagb-image--effect-static wp-block-uagb-image--align-none\"><figure class=\"wp-block-uagb-image__figure\"><img decoding=\"async\" srcset=\"https:\/\/isanagustin.edu.pe\/portal1\/wp-content\/uploads\/2024\/08\/silabo-1024x737.png ,https:\/\/isanagustin.edu.pe\/portal1\/wp-content\/uploads\/2024\/08\/silabo.png 780w, https:\/\/isanagustin.edu.pe\/portal1\/wp-content\/uploads\/2024\/08\/silabo.png 360w\" sizes=\"auto, (max-width: 480px) 150px\" src=\"https:\/\/isanagustin.edu.pe\/portal1\/wp-content\/uploads\/2024\/08\/silabo-1024x737.png\" alt=\"\" class=\"uag-image-2996\" width=\"1079\" height=\"777\" title=\"silabo\" loading=\"lazy\" role=\"img\"\/><\/figure><\/div>\n<\/div>\n\n\n\n<div class=\"wp-block-uagb-container uagb-layout-grid uagb-block-aef001c5\">\n<div class=\"wp-block-uagb-advanced-heading uagb-block-be9e684d\"><h4 class=\"uagb-heading-text\">Estimados Estudiantes y Egresados,<\/h4><\/div>\n\n\n\n<p>Nos complace informarles que en esta p\u00e1gina encontrar\u00e1n todos los s\u00edlabos correspondientes a sus programas de estudio. Esta iniciativa tiene como objetivo facilitar el acceso a la informaci\u00f3n acad\u00e9mica esencial y asegurar que cada uno de ustedes pueda planificar y organizar sus actividades de estudio de manera eficiente.<\/p>\n\n\n\n<div class=\"wp-block-uagb-buttons uagb-buttons__outer-wrap uagb-btn__default-btn uagb-btn-tablet__default-btn uagb-btn-mobile__default-btn uagb-block-c6f0ff85\"><div class=\"uagb-buttons__wrap uagb-buttons-layout-wrap \">\n<div class=\"wp-block-uagb-buttons-child uagb-buttons__outer-wrap uagb-block-5bab3648 wp-block-button\"><div class=\"uagb-button__wrapper\"><a class=\"uagb-buttons-repeater wp-block-button__link\" aria-label=\"\" href=\"https:\/\/drive.google.com\/drive\/folders\/1mtrtc2tqqkujJei3UgZ6S1Xu7Mh16NsX\" rel=\"follow noopener\" target=\"_blank\" role=\"button\"><div class=\"uagb-button__link\">DESCARGAR SILABOS<\/div><span class=\"uagb-button__icon uagb-button__icon-position-after\"><svg xmlns=\"https:\/\/www.w3.org\/2000\/svg\" viewBox=\"0 0 448 512\" aria-hidden=\"true\" focussable=\"false\"><path d=\"M438.6 278.6l-160 160C272.4 444.9 264.2 448 256 448s-16.38-3.125-22.62-9.375c-12.5-12.5-12.5-32.75 0-45.25L338.8 288H32C14.33 288 .0016 273.7 .0016 256S14.33 224 32 224h306.8l-105.4-105.4c-12.5-12.5-12.5-32.75 0-45.25s32.75-12.5 45.25 0l160 160C451.1 245.9 451.1 266.1 438.6 278.6z\"><\/path><\/svg><\/span><\/a><\/div><\/div>\n<\/div><\/div>\n<\/div>\n<\/div><\/div>\n","protected":false},"excerpt":{"rendered":"<p>Estimados Estudiantes y Egresados, Nos complace informarles que en esta p\u00e1gina encontrar\u00e1n todos los s\u00edlabos correspondientes a sus programas de estudio. Esta iniciativa tiene como objetivo facilitar el acceso a la informaci\u00f3n acad\u00e9mica esencial y asegurar que cada uno de ustedes pueda planificar y organizar sus actividades de estudio de manera eficiente.<\/p>\n","protected":false},"author":1,"featured_media":0,"parent":0,"menu_order":0,"comment_status":"closed","ping_status":"closed","template":"","meta":{"_uag_custom_page_level_css":"","site-sidebar-layout":"default","site-content-layout":"","ast-site-content-layout":"default","site-content-style":"default","site-sidebar-style":"default","ast-global-header-display":"","ast-banner-title-visibility":"","ast-main-header-display":"","ast-hfb-above-header-display":"","ast-hfb-below-header-display":"","ast-hfb-mobile-header-display":"","site-post-title":"disabled","ast-breadcrumbs-content":"","ast-featured-img":"","footer-sml-layout":"","theme-transparent-header-meta":"","adv-header-id-meta":"","stick-header-meta":"","header-above-stick-meta":"","header-main-stick-meta":"","header-below-stick-meta":"","astra-migrate-meta-layouts":"set","ast-page-background-enabled":"default","ast-page-background-meta":{"desktop":{"background-color":"","background-image":"","background-repeat":"repeat","background-position":"center center","background-size":"auto","background-attachment":"scroll","background-type":"","background-media":"","overlay-type":"","overlay-color":"","overlay-opacity":"","overlay-gradient":""},"tablet":{"background-color":"","background-image":"","background-repeat":"repeat","background-position":"center center","background-size":"auto","background-attachment":"scroll","background-type":"","background-media":"","overlay-type":"","overlay-color":"","overlay-opacity":"","overlay-gradient":""},"mobile":{"background-color":"","background-image":"","background-repeat":"repeat","background-position":"center center","background-size":"auto","background-attachment":"scroll","background-type":"","background-media":"","overlay-type":"","overlay-color":"","overlay-opacity":"","overlay-gradient":""}},"ast-content-background-meta":{"desktop":{"background-color":"var(--ast-global-color-5)","background-image":"","background-repeat":"repeat","background-position":"center center","background-size":"auto","background-attachment":"scroll","background-type":"","background-media":"","overlay-type":"","overlay-color":"","overlay-opacity":"","overlay-gradient":""},"tablet":{"background-color":"var(--ast-global-color-5)","background-image":"","background-repeat":"repeat","background-position":"center center","background-size":"auto","background-attachment":"scroll","background-type":"","background-media":"","overlay-type":"","overlay-color":"","overlay-opacity":"","overlay-gradient":""},"mobile":{"background-color":"var(--ast-global-color-5)","background-image":"","background-repeat":"repeat","background-position":"center center","background-size":"auto","background-attachment":"scroll","background-type":"","background-media":"","overlay-type":"","overlay-color":"","overlay-opacity":"","overlay-gradient":""}},"footnotes":""},"class_list":["post-2992","page","type-page","status-publish","hentry"],"uagb_featured_image_src":{"full":false,"thumbnail":false,"medium":false,"medium_large":false,"large":false,"1536x1536":false,"2048x2048":false},"uagb_author_info":{"display_name":"junior","author_link":"https:\/\/isanagustin.edu.pe\/portal1\/author\/junior\/"},"uagb_comment_info":0,"uagb_excerpt":"Estimados Estudiantes y Egresados, Nos complace informarles que en esta p\u00e1gina encontrar\u00e1n todos los s\u00edlabos correspondientes a sus programas de estudio. Esta iniciativa tiene como objetivo facilitar el acceso a la informaci\u00f3n acad\u00e9mica esencial y asegurar que cada uno de ustedes pueda planificar y organizar sus actividades de estudio de manera eficiente.","_links":{"self":[{"href":"https:\/\/isanagustin.edu.pe\/portal1\/wp-json\/wp\/v2\/pages\/2992","targetHints":{"allow":["GET"]}}],"collection":[{"href":"https:\/\/isanagustin.edu.pe\/portal1\/wp-json\/wp\/v2\/pages"}],"about":[{"href":"https:\/\/isanagustin.edu.pe\/portal1\/wp-json\/wp\/v2\/types\/page"}],"author":[{"embeddable":true,"href":"https:\/\/isanagustin.edu.pe\/portal1\/wp-json\/wp\/v2\/users\/1"}],"replies":[{"embeddable":true,"href":"https:\/\/isanagustin.edu.pe\/portal1\/wp-json\/wp\/v2\/comments?post=2992"}],"version-history":[{"count":11,"href":"https:\/\/isanagustin.edu.pe\/portal1\/wp-json\/wp\/v2\/pages\/2992\/revisions"}],"predecessor-version":[{"id":3252,"href":"https:\/\/isanagustin.edu.pe\/portal1\/wp-json\/wp\/v2\/pages\/2992\/revisions\/3252"}],"wp:attachment":[{"href":"https:\/\/isanagustin.edu.pe\/portal1\/wp-json\/wp\/v2\/media?parent=2992"}],"curies":[{"name":"wp","href":"https:\/\/api.w.org\/{rel}","templated":true}]}}