{"id":3074,"date":"2024-08-20T12:36:23","date_gmt":"2024-08-20T17:36:23","guid":{"rendered":"https:\/\/isanagustin.edu.pe\/portal1\/?page_id=3074"},"modified":"2024-09-11T16:00:35","modified_gmt":"2024-09-11T21:00:35","slug":"produccion-agropecuaria-2","status":"publish","type":"page","link":"https:\/\/isanagustin.edu.pe\/portal1\/produccion-agropecuaria-2\/","title":{"rendered":"Producci\u00f3n Agropecuaria"},"content":{"rendered":"\n<div class=\"wp-block-uagb-container uagb-layout-flex uagb-block-deb93674 alignfull uagb-is-root-container\"><div class=\"uagb-container-inner-blocks-wrap\">\n<div class=\"wp-block-uagb-info-box uagb-block-34f5457d uagb-infobox__content-wrap  uagb-infobox-icon-above-title uagb-infobox-image-valign-top\"><div class=\"uagb-ifb-content\"><div class=\"uagb-ifb-title-wrap\"><h1 class=\"uagb-ifb-title\">Producci\u00f3n Agropecuaria<\/h1><\/div><\/div><\/div>\n<\/div><\/div>\n\n\n\n<div class=\"wp-block-uagb-container uagb-layout-grid uagb-block-34cec649 alignfull uagb-is-root-container\"><div class=\"uagb-container-inner-blocks-wrap\">\n<div class=\"wp-block-uagb-tabs uagb-block-6b927b48 uagb-tabs__wrap uagb-tabs__hstyle1-desktop uagb-tabs__vstyle6-tablet uagb-tabs__stack1-mobile\" data-tab-active=\"0\"><ul class=\"uagb-tabs__panel uagb-tabs__align-left\" role=\"tablist\"><li class=\"uagb-tab uagb-tabs__active\" role=\"none\"><a href=\"#uagb-tabs__tab0\" class=\"uagb-tabs-list uagb-tabs__icon-position-left\" data-tab=\"0\" role=\"tab\"><span class=\"uagb-tabs__icon\"><svg xmlns=\"https:\/\/www.w3.org\/2000\/svg\" viewBox=\"0 0 256 512\"><path d=\"M64 448c-8.188 0-16.38-3.125-22.62-9.375c-12.5-12.5-12.5-32.75 0-45.25L178.8 256L41.38 118.6c-12.5-12.5-12.5-32.75 0-45.25s32.75-12.5 45.25 0l160 160c12.5 12.5 12.5 32.75 0 45.25l-160 160C80.38 444.9 72.19 448 64 448z\"><\/path><\/svg><\/span><div>Presentaci\u00f3n<\/div><\/a><\/li><li class=\"uagb-tab \" role=\"none\"><a href=\"#uagb-tabs__tab1\" class=\"uagb-tabs-list uagb-tabs__icon-position-left\" data-tab=\"1\" role=\"tab\"><span class=\"uagb-tabs__icon\"><svg xmlns=\"https:\/\/www.w3.org\/2000\/svg\" viewBox=\"0 0 256 512\"><path d=\"M64 448c-8.188 0-16.38-3.125-22.62-9.375c-12.5-12.5-12.5-32.75 0-45.25L178.8 256L41.38 118.6c-12.5-12.5-12.5-32.75 0-45.25s32.75-12.5 45.25 0l160 160c12.5 12.5 12.5 32.75 0 45.25l-160 160C80.38 444.9 72.19 448 64 448z\"><\/path><\/svg><\/span><div>Perfil del Egresado<\/div><\/a><\/li><li class=\"uagb-tab \" role=\"none\"><a href=\"#uagb-tabs__tab2\" class=\"uagb-tabs-list uagb-tabs__icon-position-left\" data-tab=\"2\" role=\"tab\"><span class=\"uagb-tabs__icon\"><svg xmlns=\"https:\/\/www.w3.org\/2000\/svg\" viewBox=\"0 0 256 512\"><path d=\"M64 448c-8.188 0-16.38-3.125-22.62-9.375c-12.5-12.5-12.5-32.75 0-45.25L178.8 256L41.38 118.6c-12.5-12.5-12.5-32.75 0-45.25s32.75-12.5 45.25 0l160 160c12.5 12.5 12.5 32.75 0 45.25l-160 160C80.38 444.9 72.19 448 64 448z\"><\/path><\/svg><\/span><div>Competencias Especificas<\/div><\/a><\/li><li class=\"uagb-tab \" role=\"none\"><a href=\"#uagb-tabs__tab3\" class=\"uagb-tabs-list uagb-tabs__icon-position-left\" data-tab=\"3\" role=\"tab\"><span class=\"uagb-tabs__icon\"><svg xmlns=\"https:\/\/www.w3.org\/2000\/svg\" viewBox=\"0 0 256 512\"><path d=\"M64 448c-8.188 0-16.38-3.125-22.62-9.375c-12.5-12.5-12.5-32.75 0-45.25L178.8 256L41.38 118.6c-12.5-12.5-12.5-32.75 0-45.25s32.75-12.5 45.25 0l160 160c12.5 12.5 12.5 32.75 0 45.25l-160 160C80.38 444.9 72.19 448 64 448z\"><\/path><\/svg><\/span><div>M\u00f3dulos<\/div><\/a><\/li><li class=\"uagb-tab \" role=\"none\"><a href=\"#uagb-tabs__tab4\" class=\"uagb-tabs-list uagb-tabs__icon-position-left\" data-tab=\"4\" role=\"tab\"><span class=\"uagb-tabs__icon\"><svg xmlns=\"https:\/\/www.w3.org\/2000\/svg\" viewBox=\"0 0 256 512\"><path d=\"M64 448c-8.188 0-16.38-3.125-22.62-9.375c-12.5-12.5-12.5-32.75 0-45.25L178.8 256L41.38 118.6c-12.5-12.5-12.5-32.75 0-45.25s32.75-12.5 45.25 0l160 160c12.5 12.5 12.5 32.75 0 45.25l-160 160C80.38 444.9 72.19 448 64 448z\"><\/path><\/svg><\/span><div>Horario<\/div><\/a><\/li><\/ul><div class=\"uagb-tabs__body-wrap\">\n<div class=\"wp-block-uagb-tabs-child uagb-tabs__body-container uagb-inner-tab-0\" aria-labelledby=\"uagb-tabs__tab0\">\n<p style=\"line-height:1.8\">El programa de estudio de Producci\u00f3n Agropecuaria te brinda las herramientas necesarias para desempe\u00f1arte de manera efectiva en la producci\u00f3n de cultivos y manejo de ganado. Aprender\u00e1s a aplicar t\u00e9cnicas y pr\u00e1cticas agron\u00f3micas para el cultivo de diversos productos, como granos, frutas y hortalizas, as\u00ed como tambi\u00e9n a manejar el ganado y producir carne y l\u00e1cteos. Tambi\u00e9n podr\u00e1s desarrollar habilidades en la gesti\u00f3n de recursos naturales y en el uso de tecnolog\u00edas innovadoras para la producci\u00f3n agropecuaria. Con esta carrera t\u00e9cnica podr\u00e1s integrarte r\u00e1pidamente al mundo laboral en empresas del sector agropecuario, y acceder a oportunidades de crecimiento y desarrollo profesional en un campo en constante evoluci\u00f3n.<\/p>\n<\/div>\n\n\n\n<div class=\"wp-block-uagb-tabs-child uagb-tabs__body-container uagb-inner-tab-1\" aria-labelledby=\"uagb-tabs__tab1\">\n<p style=\"line-height:1.8\">El profesional T\u00e9cnico en Producci\u00f3n Agropecuaria, gestiona procesos de producci\u00f3n agr\u00edcola y pecuaria teniendo en cuenta las exigencias del mercado y las buenas practicas agropecuarias, supervisa procesos de prevenci\u00f3n y control de plagas y enfermedades agr\u00edcolas y pecuarias, seg\u00fan calendario sanitario establecido y aplicando las normas t\u00e9cnicas. Gestiona el proceso administrativo y comercial, empleando la comunicaci\u00f3n efectiva, el idioma ingles y las herramientas inform\u00e1ticas. Posee capacidad de emprendimiento e innovaci\u00f3n y est\u00e1 preparado para liderar y elaborar proyectos, se desempe\u00f1a de manera \u00e9tica y teniendo en cuenta la interculturalidad en los espacios donde se desenvuelve.<\/p>\n<\/div>\n\n\n\n<div class=\"wp-block-uagb-tabs-child uagb-tabs__body-container uagb-inner-tab-2\" aria-labelledby=\"uagb-tabs__tab2\">\n<ul class=\"wp-block-list\">\n<li>Aplicar criterios de calidad en todos los procesos de producci\u00f3n agropecuarios, en la perspectiva de alcanzar la inocuidad agroalimentaria.<\/li>\n\n\n\n<li>Gestionar procesos de producci\u00f3n agr\u00edcola, y post cosecha aplicando criterios de buenas pr\u00e1cticas agr\u00edcolas, y formar escuelas de campo para mejorar la productividad y obtener productos de calidad de acuerdo a las demandas del mercado y seguridad alimentaria considerando la biodiversidad.<\/li>\n\n\n\n<li>Desarrollar los procesos de producci\u00f3n de animales menores y mayores para obtener productos de calidad<\/li>\n<\/ul>\n<\/div>\n\n\n\n<div class=\"wp-block-uagb-tabs-child uagb-tabs__body-container uagb-inner-tab-3\" aria-labelledby=\"uagb-tabs__tab3\">\n<div class=\"wp-block-uagb-container uagb-layout-grid uagb-block-67da6ae4\">\n<div class=\"wp-block-uagb-container uagb-layout-grid uagb-block-c6237dc4\">\n<div class=\"wp-block-uagb-info-box uagb-block-4563d614 uagb-infobox__content-wrap  uagb-infobox-icon-above-title uagb-infobox-image-valign-top\"><div class=\"uagb-ifb-content\"><div class=\"uagb-ifb-icon-wrap\"><svg xmlns=\"https:\/\/www.w3.org\/2000\/svg\" viewBox=\"0 0 576 512\"><path d=\"M147.8 192H480V144C480 117.5 458.5 96 432 96h-160l-64-64h-160C21.49 32 0 53.49 0 80v328.4l90.54-181.1C101.4 205.6 123.4 192 147.8 192zM543.1 224H147.8C135.7 224 124.6 230.8 119.2 241.7L0 480h447.1c12.12 0 23.2-6.852 28.62-17.69l96-192C583.2 249 567.7 224 543.1 224z\"><\/path><\/svg><\/div><div class=\"uagb-ifb-title-wrap\"><h4 class=\"uagb-ifb-title\">Modulo I<\/h4><\/div><div class=\"uagb-ifb-separator\"><\/div><p class=\"uagb-ifb-desc\">Producci\u00f3n agroindustrial y comercializaci\u00f3n<\/p><\/div><\/div>\n<\/div>\n\n\n\n<div class=\"wp-block-uagb-container uagb-layout-grid uagb-block-2556a8cf\">\n<div class=\"wp-block-uagb-info-box uagb-block-6c9c7bad uagb-infobox__content-wrap  uagb-infobox-icon-above-title uagb-infobox-image-valign-top\"><div class=\"uagb-ifb-content\"><div class=\"uagb-ifb-icon-wrap\"><svg xmlns=\"https:\/\/www.w3.org\/2000\/svg\" viewBox=\"0 0 576 512\"><path d=\"M147.8 192H480V144C480 117.5 458.5 96 432 96h-160l-64-64h-160C21.49 32 0 53.49 0 80v328.4l90.54-181.1C101.4 205.6 123.4 192 147.8 192zM543.1 224H147.8C135.7 224 124.6 230.8 119.2 241.7L0 480h447.1c12.12 0 23.2-6.852 28.62-17.69l96-192C583.2 249 567.7 224 543.1 224z\"><\/path><\/svg><\/div><div class=\"uagb-ifb-title-wrap\"><h4 class=\"uagb-ifb-title\">Modulo II<\/h4><\/div><div class=\"uagb-ifb-separator\"><\/div><p class=\"uagb-ifb-desc\">Producci\u00f3n pecuaria<\/p><\/div><\/div>\n<\/div>\n\n\n\n<div class=\"wp-block-uagb-container uagb-layout-grid uagb-block-8df3b5f8\">\n<div class=\"wp-block-uagb-info-box uagb-block-135369fc uagb-infobox__content-wrap  uagb-infobox-icon-above-title uagb-infobox-image-valign-top\"><div class=\"uagb-ifb-content\"><div class=\"uagb-ifb-icon-wrap\"><svg xmlns=\"https:\/\/www.w3.org\/2000\/svg\" viewBox=\"0 0 576 512\"><path d=\"M147.8 192H480V144C480 117.5 458.5 96 432 96h-160l-64-64h-160C21.49 32 0 53.49 0 80v328.4l90.54-181.1C101.4 205.6 123.4 192 147.8 192zM543.1 224H147.8C135.7 224 124.6 230.8 119.2 241.7L0 480h447.1c12.12 0 23.2-6.852 28.62-17.69l96-192C583.2 249 567.7 224 543.1 224z\"><\/path><\/svg><\/div><div class=\"uagb-ifb-title-wrap\"><h4 class=\"uagb-ifb-title\">Modulo III<\/h4><\/div><div class=\"uagb-ifb-separator\"><\/div><p class=\"uagb-ifb-desc\">Gesti\u00f3n integral de la calidad<\/p><\/div><\/div>\n<\/div>\n\n\n\n<div class=\"wp-block-uagb-container uagb-layout-grid uagb-block-305229ed\">\n<div class=\"wp-block-uagb-info-box uagb-block-e2473adf uagb-infobox__content-wrap  uagb-infobox-icon-above-title uagb-infobox-image-valign-top\"><div class=\"uagb-ifb-content\"><div class=\"uagb-ifb-icon-wrap\"><svg xmlns=\"https:\/\/www.w3.org\/2000\/svg\" viewBox=\"0 0 576 512\"><path d=\"M147.8 192H480V144C480 117.5 458.5 96 432 96h-160l-64-64h-160C21.49 32 0 53.49 0 80v328.4l90.54-181.1C101.4 205.6 123.4 192 147.8 192zM543.1 224H147.8C135.7 224 124.6 230.8 119.2 241.7L0 480h447.1c12.12 0 23.2-6.852 28.62-17.69l96-192C583.2 249 567.7 224 543.1 224z\"><\/path><\/svg><\/div><div class=\"uagb-ifb-title-wrap\"><h4 class=\"uagb-ifb-title\">Modulo IV<\/h4><\/div><div class=\"uagb-ifb-separator\"><\/div><p class=\"uagb-ifb-desc\">Extensi\u00f3n rural<\/p><\/div><\/div>\n<\/div>\n<\/div>\n<\/div>\n\n\n\n<div class=\"wp-block-uagb-tabs-child uagb-tabs__body-container uagb-inner-tab-4\" aria-labelledby=\"uagb-tabs__tab4\">\n<p>Las clases son en la tarde, en el horario de Lunes a Viernes de:<\/p>\n\n\n\n<p>3:00PM \u2013 8:00PM<\/p>\n<\/div>\n<\/div><\/div>\n<\/div><\/div>\n\n\n\n<p><\/p>\n\n\n\n<div class=\"wp-block-uagb-container uagb-layout-grid uagb-block-4bcc6d6e alignfull uagb-is-root-container\"><div class=\"uagb-container-inner-blocks-wrap\">\n<div class=\"wp-block-uagb-advanced-heading uagb-block-ff9c97c8\"><h4 class=\"uagb-heading-text\">Detalles<\/h4><\/div>\n\n\n\n<div class=\"wp-block-uagb-separator uagb-block-df5c690a wp-block-uagb-separator--icon\"><div class=\"uagb-separator-spacing-wrapper\"><div class=\"wp-block-uagb-separator__inner\" style=\"--my-background-image:\"><div class=\"wp-block-uagb-separator-element\"><svg xmlns=\"https:\/\/www.w3.org\/2000\/svg\" viewBox=\"0 0 448 512\"><path d=\"M224 416c-8.188 0-16.38-3.125-22.62-9.375l-192-192c-12.5-12.5-12.5-32.75 0-45.25s32.75-12.5 45.25 0L224 338.8l169.4-169.4c12.5-12.5 32.75-12.5 45.25 0s12.5 32.75 0 45.25l-192 192C240.4 412.9 232.2 416 224 416z\"><\/path><\/svg><\/div><\/div><\/div><\/div>\n\n\n\n<div class=\"wp-block-uagb-buttons uagb-buttons__outer-wrap uagb-btn__default-btn uagb-btn-tablet__default-btn uagb-btn-mobile__default-btn uagb-block-b0b2d5d8\"><div class=\"uagb-buttons__wrap uagb-buttons-layout-wrap \">\n<div class=\"wp-block-uagb-buttons-child uagb-buttons__outer-wrap uagb-block-2074bbaa wp-block-button\"><div class=\"uagb-button__wrapper\"><a class=\"uagb-buttons-repeater wp-block-button__link\" aria-label=\"\" href=\"https:\/\/isanagustin.edu.pe\/portal1\/wp-content\/uploads\/2024\/08\/brochure-produccion-agropecuaria-1.pdf\" rel=\"follow noopener\" target=\"_blank\" role=\"button\"><div class=\"uagb-button__link\">DESCARGAR BROCHURE<\/div><span class=\"uagb-button__icon uagb-button__icon-position-after\"><svg xmlns=\"https:\/\/www.w3.org\/2000\/svg\" viewBox=\"0 0 640 512\" aria-hidden=\"true\" focussable=\"false\"><path d=\"M144 480C64.47 480 0 415.5 0 336C0 273.2 40.17 219.8 96.2 200.1C96.07 197.4 96 194.7 96 192C96 103.6 167.6 32 256 32C315.3 32 367 64.25 394.7 112.2C409.9 101.1 428.3 96 448 96C501 96 544 138.1 544 192C544 204.2 541.7 215.8 537.6 226.6C596 238.4 640 290.1 640 352C640 422.7 582.7 480 512 480H144zM303 392.1C312.4 402.3 327.6 402.3 336.1 392.1L416.1 312.1C426.3 303.6 426.3 288.4 416.1 279C407.6 269.7 392.4 269.7 383 279L344 318.1V184C344 170.7 333.3 160 320 160C306.7 160 296 170.7 296 184V318.1L256.1 279C247.6 269.7 232.4 269.7 223 279C213.7 288.4 213.7 303.6 223 312.1L303 392.1z\"><\/path><\/svg><\/span><\/a><\/div><\/div>\n\n\n\n<div class=\"wp-block-uagb-buttons-child uagb-buttons__outer-wrap uagb-block-694e21d3 wp-block-button\"><div class=\"uagb-button__wrapper\"><a class=\"uagb-buttons-repeater wp-block-button__link\" aria-label=\"\" href=\"https:\/\/isanagustin.edu.pe\/portal1\/wp-content\/uploads\/2024\/09\/MALLA-PRODUCCION.png\" rel=\"follow noopener\" target=\"_blank\" role=\"button\"><div class=\"uagb-button__link\">VER MALLA CURRICULAR<\/div><span class=\"uagb-button__icon uagb-button__icon-position-after\"><svg xmlns=\"https:\/\/www.w3.org\/2000\/svg\" viewBox=\"0 0 512 512\" aria-hidden=\"true\" focussable=\"false\"><path d=\"M416 48C416 39.13 408.9 32 400 32h-64C327.1 32 320 39.13 320 48V96h96.04L416 48zM63.88 160.1C61.34 253.9 3.5 274.3 0 404V448c0 17.6 14.4 32 32 32h128c17.6 0 32-14.4 32-32V128H95.88C78.26 128 64.35 142.5 63.88 160.1zM448.1 160.1C447.6 142.5 433.7 128 416.1 128H320v320c0 17.6 14.4 32 32 32h128c17.6 0 32-14.4 32-32v-44C508.5 274.3 450.7 253.9 448.1 160.1zM224 288h64V128H224V288zM176 32h-64C103.1 32 96 39.13 96 48L95.96 96H192V48C192 39.13 184.9 32 176 32z\"><\/path><\/svg><\/span><\/a><\/div><\/div>\n<\/div><\/div>\n<\/div><\/div>\n","protected":false},"excerpt":{"rendered":"<p>Detalles<\/p>\n","protected":false},"author":1,"featured_media":0,"parent":0,"menu_order":0,"comment_status":"closed","ping_status":"closed","template":"","meta":{"_uag_custom_page_level_css":"","site-sidebar-layout":"default","site-content-layout":"","ast-site-content-layout":"default","site-content-style":"default","site-sidebar-style":"default","ast-global-header-display":"","ast-banner-title-visibility":"","ast-main-header-display":"","ast-hfb-above-header-display":"","ast-hfb-below-header-display":"","ast-hfb-mobile-header-display":"","site-post-title":"disabled","ast-breadcrumbs-content":"","ast-featured-img":"","footer-sml-layout":"","theme-transparent-header-meta":"","adv-header-id-meta":"","stick-header-meta":"","header-above-stick-meta":"","header-main-stick-meta":"","header-below-stick-meta":"","astra-migrate-meta-layouts":"set","ast-page-background-enabled":"default","ast-page-background-meta":{"desktop":{"background-color":"","background-image":"","background-repeat":"repeat","background-position":"center center","background-size":"auto","background-attachment":"scroll","background-type":"","background-media":"","overlay-type":"","overlay-color":"","overlay-opacity":"","overlay-gradient":""},"tablet":{"background-color":"","background-image":"","background-repeat":"repeat","background-position":"center center","background-size":"auto","background-attachment":"scroll","background-type":"","background-media":"","overlay-type":"","overlay-color":"","overlay-opacity":"","overlay-gradient":""},"mobile":{"background-color":"","background-image":"","background-repeat":"repeat","background-position":"center center","background-size":"auto","background-attachment":"scroll","background-type":"","background-media":"","overlay-type":"","overlay-color":"","overlay-opacity":"","overlay-gradient":""}},"ast-content-background-meta":{"desktop":{"background-color":"var(--ast-global-color-5)","background-image":"","background-repeat":"repeat","background-position":"center center","background-size":"auto","background-attachment":"scroll","background-type":"","background-media":"","overlay-type":"","overlay-color":"","overlay-opacity":"","overlay-gradient":""},"tablet":{"background-color":"var(--ast-global-color-5)","background-image":"","background-repeat":"repeat","background-position":"center center","background-size":"auto","background-attachment":"scroll","background-type":"","background-media":"","overlay-type":"","overlay-color":"","overlay-opacity":"","overlay-gradient":""},"mobile":{"background-color":"var(--ast-global-color-5)","background-image":"","background-repeat":"repeat","background-position":"center center","background-size":"auto","background-attachment":"scroll","background-type":"","background-media":"","overlay-type":"","overlay-color":"","overlay-opacity":"","overlay-gradient":""}},"footnotes":""},"class_list":["post-3074","page","type-page","status-publish","hentry"],"uagb_featured_image_src":{"full":false,"thumbnail":false,"medium":false,"medium_large":false,"large":false,"1536x1536":false,"2048x2048":false},"uagb_author_info":{"display_name":"junior","author_link":"https:\/\/isanagustin.edu.pe\/portal1\/author\/junior\/"},"uagb_comment_info":0,"uagb_excerpt":"Detalles","_links":{"self":[{"href":"https:\/\/isanagustin.edu.pe\/portal1\/wp-json\/wp\/v2\/pages\/3074","targetHints":{"allow":["GET"]}}],"collection":[{"href":"https:\/\/isanagustin.edu.pe\/portal1\/wp-json\/wp\/v2\/pages"}],"about":[{"href":"https:\/\/isanagustin.edu.pe\/portal1\/wp-json\/wp\/v2\/types\/page"}],"author":[{"embeddable":true,"href":"https:\/\/isanagustin.edu.pe\/portal1\/wp-json\/wp\/v2\/users\/1"}],"replies":[{"embeddable":true,"href":"https:\/\/isanagustin.edu.pe\/portal1\/wp-json\/wp\/v2\/comments?post=3074"}],"version-history":[{"count":17,"href":"https:\/\/isanagustin.edu.pe\/portal1\/wp-json\/wp\/v2\/pages\/3074\/revisions"}],"predecessor-version":[{"id":3348,"href":"https:\/\/isanagustin.edu.pe\/portal1\/wp-json\/wp\/v2\/pages\/3074\/revisions\/3348"}],"wp:attachment":[{"href":"https:\/\/isanagustin.edu.pe\/portal1\/wp-json\/wp\/v2\/media?parent=3074"}],"curies":[{"name":"wp","href":"https:\/\/api.w.org\/{rel}","templated":true}]}}