{"id":3510,"date":"2025-09-30T23:48:55","date_gmt":"2025-10-01T04:48:55","guid":{"rendered":"https:\/\/isanagustin.edu.pe\/portal1\/?page_id=3510"},"modified":"2025-10-03T15:10:52","modified_gmt":"2025-10-03T20:10:52","slug":"resultados-de-la-convocatoria-para-encargaturas-2025","status":"publish","type":"page","link":"https:\/\/isanagustin.edu.pe\/portal1\/resultados-de-la-convocatoria-para-encargaturas-2025\/","title":{"rendered":"Resultados de la Convocatoria para Encargaturas 2025"},"content":{"rendered":"\n<div class=\"wp-block-uagb-container uagb-block-5364fb57 alignfull uagb-is-root-container\"><div class=\"uagb-container-inner-blocks-wrap\">\n<div class=\"wp-block-uagb-info-box uagb-block-dd4e29da uagb-infobox__content-wrap  uagb-infobox-icon-above-title uagb-infobox-image-valign-top\"><div class=\"uagb-ifb-content\"><div class=\"uagb-ifb-icon-wrap\"><svg xmlns=\"https:\/\/www.w3.org\/2000\/svg\" viewBox=\"0 0 512 512\"><path d=\"M0 256C0 114.6 114.6 0 256 0C397.4 0 512 114.6 512 256C512 397.4 397.4 512 256 512C114.6 512 0 397.4 0 256zM371.8 211.8C382.7 200.9 382.7 183.1 371.8 172.2C360.9 161.3 343.1 161.3 332.2 172.2L224 280.4L179.8 236.2C168.9 225.3 151.1 225.3 140.2 236.2C129.3 247.1 129.3 264.9 140.2 275.8L204.2 339.8C215.1 350.7 232.9 350.7 243.8 339.8L371.8 211.8z\"><\/path><\/svg><\/div><div class=\"uagb-ifb-title-wrap\"><h3 class=\"uagb-ifb-title\">Resultados de la Convocatoria para Encargaturas 2025<\/h3><\/div><\/div><\/div>\n<\/div><\/div>\n\n\n\n<div class=\"wp-block-uagb-container uagb-block-845c5624 alignfull uagb-is-root-container\"><div class=\"uagb-container-inner-blocks-wrap\">\n<p>El Comit\u00e9 de Evaluaci\u00f3n del Instituto de Educaci\u00f3n Superior Tecnol\u00f3gico P\u00fablico \u201cSan Agust\u00edn\u201d de Ja\u00e9n informa a la comunidad educativa y a los postulantes en general los <strong>resultados de la Convocatoria para Encargaturas de Puestos de Funci\u00f3n y Gesti\u00f3n Pedag\u00f3gica 2025<\/strong>.<\/p>\n\n\n\n<p>Los interesados podr\u00e1n consultar el cuadro oficial de resultados en el documento adjunto.<\/p>\n\n\n\n<p>Asimismo, se comunica que la <strong>evaluaci\u00f3n t\u00e9cnica<\/strong> a los postulantes aptos se realizar\u00e1 el d\u00eda <strong>mi\u00e9rcoles 01 de octubre de 2025, a las 10:00 a.m.<\/strong>, en la sede institucional (esquina Arana Vidal y Torre Tagle \u2013 IESTP San Agust\u00edn).<\/p>\n\n\n\n<p>Se recomienda a los participantes asistir con la debida anticipaci\u00f3n (30 minutos antes) y portar su Documento Nacional de Identidad.<\/p>\n\n\n\n<p>Resultados del examen en linea.<\/p>\n\n\n\n<div class=\"wp-block-uagb-buttons uagb-buttons__outer-wrap uagb-btn__default-btn uagb-btn-tablet__default-btn uagb-btn-mobile__default-btn uagb-block-e91c042e\"><div class=\"uagb-buttons__wrap uagb-buttons-layout-wrap \">\n<div class=\"wp-block-uagb-buttons-child uagb-buttons__outer-wrap uagb-block-61e18a5c wp-block-button\"><div class=\"uagb-button__wrapper\"><a class=\"uagb-buttons-repeater wp-block-button__link\" aria-label=\"\" href=\"https:\/\/isanagustin.edu.pe\/portal1\/wp-content\/uploads\/2025\/10\/Reporte_Cuadro_Merito1_10_2025.pdf\" rel=\"follow noopener\" target=\"_blank\" role=\"button\"><div class=\"uagb-button__link\">VER RESULTADOS<\/div><\/a><\/div><\/div>\n<\/div><\/div>\n<\/div><\/div>\n","protected":false},"excerpt":{"rendered":"<p>El Comit\u00e9 de Evaluaci\u00f3n del Instituto de Educaci\u00f3n Superior Tecnol\u00f3gico P\u00fablico \u201cSan Agust\u00edn\u201d de Ja\u00e9n informa a la comunidad educativa y a los postulantes en general los resultados de la Convocatoria para Encargaturas de Puestos de Funci\u00f3n y Gesti\u00f3n Pedag\u00f3gica 2025. Los interesados podr\u00e1n consultar el cuadro oficial de resultados en el documento adjunto. Asimismo, [&hellip;]<\/p>\n","protected":false},"author":1,"featured_media":0,"parent":0,"menu_order":0,"comment_status":"closed","ping_status":"closed","template":"","meta":{"_uag_custom_page_level_css":"","site-sidebar-layout":"default","site-content-layout":"","ast-site-content-layout":"default","site-content-style":"default","site-sidebar-style":"default","ast-global-header-display":"","ast-banner-title-visibility":"","ast-main-header-display":"","ast-hfb-above-header-display":"","ast-hfb-below-header-display":"","ast-hfb-mobile-header-display":"","site-post-title":"disabled","ast-breadcrumbs-content":"","ast-featured-img":"","footer-sml-layout":"","theme-transparent-header-meta":"","adv-header-id-meta":"","stick-header-meta":"","header-above-stick-meta":"","header-main-stick-meta":"","header-below-stick-meta":"","astra-migrate-meta-layouts":"set","ast-page-background-enabled":"default","ast-page-background-meta":{"desktop":{"background-color":"","background-image":"","background-repeat":"repeat","background-position":"center center","background-size":"auto","background-attachment":"scroll","background-type":"","background-media":"","overlay-type":"","overlay-color":"","overlay-opacity":"","overlay-gradient":""},"tablet":{"background-color":"","background-image":"","background-repeat":"repeat","background-position":"center center","background-size":"auto","background-attachment":"scroll","background-type":"","background-media":"","overlay-type":"","overlay-color":"","overlay-opacity":"","overlay-gradient":""},"mobile":{"background-color":"","background-image":"","background-repeat":"repeat","background-position":"center center","background-size":"auto","background-attachment":"scroll","background-type":"","background-media":"","overlay-type":"","overlay-color":"","overlay-opacity":"","overlay-gradient":""}},"ast-content-background-meta":{"desktop":{"background-color":"var(--ast-global-color-5)","background-image":"","background-repeat":"repeat","background-position":"center center","background-size":"auto","background-attachment":"scroll","background-type":"","background-media":"","overlay-type":"","overlay-color":"","overlay-opacity":"","overlay-gradient":""},"tablet":{"background-color":"var(--ast-global-color-5)","background-image":"","background-repeat":"repeat","background-position":"center center","background-size":"auto","background-attachment":"scroll","background-type":"","background-media":"","overlay-type":"","overlay-color":"","overlay-opacity":"","overlay-gradient":""},"mobile":{"background-color":"var(--ast-global-color-5)","background-image":"","background-repeat":"repeat","background-position":"center center","background-size":"auto","background-attachment":"scroll","background-type":"","background-media":"","overlay-type":"","overlay-color":"","overlay-opacity":"","overlay-gradient":""}},"footnotes":""},"class_list":["post-3510","page","type-page","status-publish","hentry"],"uagb_featured_image_src":{"full":false,"thumbnail":false,"medium":false,"medium_large":false,"large":false,"1536x1536":false,"2048x2048":false},"uagb_author_info":{"display_name":"junior","author_link":"https:\/\/isanagustin.edu.pe\/portal1\/author\/junior\/"},"uagb_comment_info":0,"uagb_excerpt":"El Comit\u00e9 de Evaluaci\u00f3n del Instituto de Educaci\u00f3n Superior Tecnol\u00f3gico P\u00fablico \u201cSan Agust\u00edn\u201d de Ja\u00e9n informa a la comunidad educativa y a los postulantes en general los resultados de la Convocatoria para Encargaturas de Puestos de Funci\u00f3n y Gesti\u00f3n Pedag\u00f3gica 2025. Los interesados podr\u00e1n consultar el cuadro oficial de resultados en el documento adjunto. Asimismo,&hellip;","_links":{"self":[{"href":"https:\/\/isanagustin.edu.pe\/portal1\/wp-json\/wp\/v2\/pages\/3510","targetHints":{"allow":["GET"]}}],"collection":[{"href":"https:\/\/isanagustin.edu.pe\/portal1\/wp-json\/wp\/v2\/pages"}],"about":[{"href":"https:\/\/isanagustin.edu.pe\/portal1\/wp-json\/wp\/v2\/types\/page"}],"author":[{"embeddable":true,"href":"https:\/\/isanagustin.edu.pe\/portal1\/wp-json\/wp\/v2\/users\/1"}],"replies":[{"embeddable":true,"href":"https:\/\/isanagustin.edu.pe\/portal1\/wp-json\/wp\/v2\/comments?post=3510"}],"version-history":[{"count":8,"href":"https:\/\/isanagustin.edu.pe\/portal1\/wp-json\/wp\/v2\/pages\/3510\/revisions"}],"predecessor-version":[{"id":3524,"href":"https:\/\/isanagustin.edu.pe\/portal1\/wp-json\/wp\/v2\/pages\/3510\/revisions\/3524"}],"wp:attachment":[{"href":"https:\/\/isanagustin.edu.pe\/portal1\/wp-json\/wp\/v2\/media?parent=3510"}],"curies":[{"name":"wp","href":"https:\/\/api.w.org\/{rel}","templated":true}]}}